{"id":1027,"date":"2020-01-23T15:41:01","date_gmt":"2020-01-23T14:41:01","guid":{"rendered":"https:\/\/www.giulia-larigaldie.com\/?page_id=1027"},"modified":"2024-04-30T11:02:34","modified_gmt":"2024-04-30T09:02:34","slug":"ecriture","status":"publish","type":"page","link":"https:\/\/www.giulia-larigaldie.com\/de\/ecriture\/","title":{"rendered":"\u00c9CRITURE"},"content":{"rendered":"\n<div class=\"wp-block-cover has-background-dim-40 has-background-dim\" style=\"background-image:url(https:\/\/www.giulia-larigaldie.com\/wp-content\/uploads\/2019\/11\/DSC_5780-2-e1579528462727.jpg);background-position:44.05940594059406% 50.74626865671642%\"><div class=\"wp-block-cover__inner-container is-layout-flow wp-block-cover-is-layout-flow\">\n<p class=\"has-medium-font-size\">Ma plume f\u00e9tiche \u00e0 la main\net l\u2019ordinateur devant moi, assise face \u00e0 la fen\u00eatre devant laquelle d\u00e9filent\nles acteurs involontaires de notre quotidien ordinaire\u2026 <\/p>\n\n\n\n<p class=\"has-medium-font-size\">Chaque jour d\u2019\u00e9criture est une nouvelle aventure, un d\u00e9fi \u00e0 relever. Une page vierge, qui ne demande pourtant qu\u2019\u00e0 \u00eatre noircie, nourrie et combl\u00e9e de mots. <\/p>\n\n\n\n<p class=\"has-medium-font-size\">Construire des phrases \u00e9vocatrices, \u00e9l\u00e9gantes, qui subliment mais sans trahir, qui illuminent tout en laissant un voile de myst\u00e8re, un espace pour l\u2019imagination de chacun. <\/p>\n\n\n\n<p class=\"has-medium-font-size\">Pour\nbien raconter, il faut avant tout bien comprendre. Recherche et empathie sont\nessentielles. <\/p>\n\n\n\n<p class=\"has-medium-font-size\">Je mets \u00e0 votre disposition ma passion, mon exp\u00e9rience, mon engagement, mon \u00e9thique de travail pour un <a rel=\"noreferrer noopener\" aria-label=\"service de qualit\u00e9 (s\u2019ouvre dans un nouvel onglet)\" href=\"https:\/\/www.giulia-larigaldie.com\/services\/\" target=\"_blank\"><strong>service de qualit\u00e9<\/strong><\/a> : <strong><a href=\"https:\/\/www.giulia-larigaldie.com\/de\/ecriture\/interviews\/\">interview<\/a><\/strong>, <a rel=\"noreferrer noopener\" aria-label=\"article (s\u2019ouvre dans un nouvel onglet)\" href=\"https:\/\/www.giulia-larigaldie.com\/ecriture\/articles\/\" target=\"_blank\"><strong>article<\/strong><\/a>, <a rel=\"noreferrer noopener\" aria-label=\"r\u00e9dactionnel (s\u2019ouvre dans un nouvel onglet)\" href=\"https:\/\/www.giulia-larigaldie.com\/services\/redactionnel\/\" target=\"_blank\"><strong>r\u00e9dactionnel<\/strong><\/a>, <a rel=\"noreferrer noopener\" aria-label=\"livre-m\u00e9moire (s\u2019ouvre dans un nouvel onglet)\" href=\"https:\/\/www.giulia-larigaldie.com\/services\/livre-memoire\/\" target=\"_blank\"><strong>livre-m\u00e9moire<\/strong><\/a>, <a rel=\"noreferrer noopener\" aria-label=\"biographie (s\u2019ouvre dans un nouvel onglet)\" href=\"https:\/\/www.giulia-larigaldie.com\/services\/biographie\/\" target=\"_blank\"><strong>biographie<\/strong><\/a>&#8230; Jusqu\u2019\u00e0 votre totale satisfaction.<\/p>\n<\/div><\/div>\n\n\n\n<div style=\"height:100px\" aria-hidden=\"true\" class=\"wp-block-spacer\"><\/div>\n\n\n\n<figure class=\"wp-block-gallery columns-4 is-cropped wp-block-gallery-1 is-layout-flex wp-block-gallery-is-layout-flex\"><ul class=\"blocks-gallery-grid\"><li class=\"blocks-gallery-item\"><figure><img loading=\"lazy\" decoding=\"async\" width=\"222\" height=\"350\" src=\"https:\/\/www.giulia-larigaldie.com\/wp-content\/uploads\/2020\/01\/Screenshot-2020-01-27-at-10.42.10.png\" alt=\"\" data-id=\"1142\" data-full-url=\"https:\/\/www.giulia-larigaldie.com\/wp-content\/uploads\/2020\/01\/Screenshot-2020-01-27-at-10.42.10.png\" data-link=\"https:\/\/www.giulia-larigaldie.com\/screenshot-2020-01-27-at-10-42-10\/\" class=\"wp-image-1142\" srcset=\"https:\/\/www.giulia-larigaldie.com\/wp-content\/uploads\/2020\/01\/Screenshot-2020-01-27-at-10.42.10.png 222w, https:\/\/www.giulia-larigaldie.com\/wp-content\/uploads\/2020\/01\/Screenshot-2020-01-27-at-10.42.10-190x300.png 190w\" sizes=\"auto, (max-width: 222px) 100vw, 222px\" \/><figcaption class=\"blocks-gallery-item__caption\"><strong><a href=\"https:\/\/www.giulia-larigaldie.com\/ecriture\/interviews\/\" target=\"_blank\" rel=\"noreferrer noopener\" aria-label=\"INTERVIEWS (s\u2019ouvre dans un nouvel onglet)\">INTERVIEWS<\/a><\/strong><\/figcaption><\/figure><\/li><li class=\"blocks-gallery-item\"><figure><img loading=\"lazy\" decoding=\"async\" width=\"222\" height=\"350\" src=\"https:\/\/www.giulia-larigaldie.com\/wp-content\/uploads\/2020\/01\/Screenshot-2020-01-27-at-11.00.51.png\" alt=\"\" data-id=\"1148\" data-full-url=\"https:\/\/www.giulia-larigaldie.com\/wp-content\/uploads\/2020\/01\/Screenshot-2020-01-27-at-11.00.51.png\" data-link=\"https:\/\/www.giulia-larigaldie.com\/screenshot-2020-01-27-at-11-00-51\/\" class=\"wp-image-1148\" srcset=\"https:\/\/www.giulia-larigaldie.com\/wp-content\/uploads\/2020\/01\/Screenshot-2020-01-27-at-11.00.51.png 222w, https:\/\/www.giulia-larigaldie.com\/wp-content\/uploads\/2020\/01\/Screenshot-2020-01-27-at-11.00.51-190x300.png 190w\" sizes=\"auto, (max-width: 222px) 100vw, 222px\" \/><figcaption class=\"blocks-gallery-item__caption\"><strong><a href=\"https:\/\/www.giulia-larigaldie.com\/ecriture\/articles\/\" target=\"_blank\" rel=\"noreferrer noopener\" aria-label=\"ARTICLES (s\u2019ouvre dans un nouvel onglet)\">ARTICLES<\/a><\/strong><\/figcaption><\/figure><\/li><li class=\"blocks-gallery-item\"><figure><img loading=\"lazy\" decoding=\"async\" width=\"222\" height=\"350\" src=\"https:\/\/www.giulia-larigaldie.com\/wp-content\/uploads\/2020\/01\/Screenshot-2020-01-27-at-10.30.00-1.png\" alt=\"\" data-id=\"1160\" data-full-url=\"https:\/\/www.giulia-larigaldie.com\/wp-content\/uploads\/2020\/01\/Screenshot-2020-01-27-at-10.30.00-1.png\" data-link=\"https:\/\/www.giulia-larigaldie.com\/screenshot-2020-01-27-at-10-30-00-2\/\" class=\"wp-image-1160\" srcset=\"https:\/\/www.giulia-larigaldie.com\/wp-content\/uploads\/2020\/01\/Screenshot-2020-01-27-at-10.30.00-1.png 222w, https:\/\/www.giulia-larigaldie.com\/wp-content\/uploads\/2020\/01\/Screenshot-2020-01-27-at-10.30.00-1-190x300.png 190w\" sizes=\"auto, (max-width: 222px) 100vw, 222px\" \/><figcaption class=\"blocks-gallery-item__caption\"><strong><a href=\"https:\/\/www.giulia-larigaldie.com\/ecriture\/romans\/\" target=\"_blank\" rel=\"noreferrer noopener\" aria-label=\"ROMANS (s\u2019ouvre dans un nouvel onglet)\">ROMANS<\/a><\/strong> <\/figcaption><\/figure><\/li><li class=\"blocks-gallery-item\"><figure><img loading=\"lazy\" decoding=\"async\" width=\"222\" height=\"350\" src=\"https:\/\/www.giulia-larigaldie.com\/wp-content\/uploads\/2020\/01\/Screenshot-2020-01-28-at-10.33.09.png\" alt=\"\" data-id=\"1307\" data-full-url=\"https:\/\/www.giulia-larigaldie.com\/wp-content\/uploads\/2020\/01\/Screenshot-2020-01-28-at-10.33.09.png\" data-link=\"https:\/\/www.giulia-larigaldie.com\/screenshot-2020-01-28-at-10-33-09\/\" class=\"wp-image-1307\" srcset=\"https:\/\/www.giulia-larigaldie.com\/wp-content\/uploads\/2020\/01\/Screenshot-2020-01-28-at-10.33.09.png 222w, https:\/\/www.giulia-larigaldie.com\/wp-content\/uploads\/2020\/01\/Screenshot-2020-01-28-at-10.33.09-190x300.png 190w\" sizes=\"auto, (max-width: 222px) 100vw, 222px\" \/><figcaption class=\"blocks-gallery-item__caption\"><strong><a href=\"https:\/\/www.giulia-larigaldie.com\/ecriture\/nouvelles\/\" target=\"_blank\" rel=\"noreferrer noopener\" aria-label=\"NOUVELLES (s\u2019ouvre dans un nouvel onglet)\">NOUVELLES<\/a><\/strong><\/figcaption><\/figure><\/li><\/ul><\/figure>\n","protected":false},"excerpt":{"rendered":"","protected":false},"author":2,"featured_media":0,"parent":0,"menu_order":0,"comment_status":"closed","ping_status":"closed","template":"","meta":{"_uag_custom_page_level_css":"","footnotes":""},"class_list":["post-1027","page","type-page","status-publish","hentry"],"yoast_head":"<!-- This site is optimized with the Yoast SEO plugin v25.7 - https:\/\/yoast.com\/wordpress\/plugins\/seo\/ -->\n<title>\u00c9CRITURE<\/title>\n<meta name=\"description\" content=\"\u00c9crivain | Interview | Biographie | R\u00e9dactionnel | Article | Reportage | Roman | Nouvelle | Annecy | Erlangen | France | Allemagne\" \/>\n<meta name=\"robots\" content=\"index, follow, max-snippet:-1, max-image-preview:large, max-video-preview:-1\" \/>\n<link rel=\"canonical\" href=\"https:\/\/www.giulia-larigaldie.com\/de\/ecriture\/\" \/>\n<meta property=\"og:locale\" content=\"de_DE\" \/>\n<meta property=\"og:locale:alternate\" content=\"fr_FR\" \/>\n<meta property=\"og:locale:alternate\" content=\"en_GB\" \/>\n<meta property=\"og:type\" content=\"article\" \/>\n<meta property=\"og:title\" content=\"\u00c9CRITURE\" \/>\n<meta property=\"og:description\" content=\"\u00c9crivain | Interview | Biographie | R\u00e9dactionnel | Article | Reportage | Roman | Nouvelle | Annecy | Erlangen | France | Allemagne\" \/>\n<meta property=\"og:url\" content=\"https:\/\/www.giulia-larigaldie.com\/de\/ecriture\/\" \/>\n<meta property=\"og:site_name\" content=\"Giulia Larigaldie\" \/>\n<meta property=\"article:modified_time\" content=\"2024-04-30T09:02:34+00:00\" \/>\n<meta property=\"og:image\" content=\"https:\/\/www.giulia-larigaldie.com\/wp-content\/uploads\/2019\/11\/DSC_5780-2-e1579528462727.jpg\" \/>\n<meta name=\"twitter:card\" content=\"summary_large_image\" \/>\n<meta name=\"twitter:label1\" content=\"Gesch\u00e4tzte Lesezeit\" \/>\n\t<meta name=\"twitter:data1\" content=\"2\u00a0Minuten\" \/>\n<script type=\"application\/ld+json\" class=\"yoast-schema-graph\">{\"@context\":\"https:\/\/schema.org\",\"@graph\":[{\"@type\":\"WebPage\",\"@id\":\"https:\/\/www.giulia-larigaldie.com\/ecriture\/\",\"url\":\"https:\/\/www.giulia-larigaldie.com\/ecriture\/\",\"name\":\"\u00c9CRITURE\",\"isPartOf\":{\"@id\":\"https:\/\/www.giulia-larigaldie.com\/#website\"},\"primaryImageOfPage\":{\"@id\":\"https:\/\/www.giulia-larigaldie.com\/ecriture\/#primaryimage\"},\"image\":{\"@id\":\"https:\/\/www.giulia-larigaldie.com\/ecriture\/#primaryimage\"},\"thumbnailUrl\":\"https:\/\/www.giulia-larigaldie.com\/wp-content\/uploads\/2019\/11\/DSC_5780-2-e1579528462727.jpg\",\"datePublished\":\"2020-01-23T14:41:01+00:00\",\"dateModified\":\"2024-04-30T09:02:34+00:00\",\"description\":\"\u00c9crivain | Interview | Biographie | R\u00e9dactionnel | Article | Reportage | Roman | Nouvelle | Annecy | Erlangen | France | Allemagne\",\"breadcrumb\":{\"@id\":\"https:\/\/www.giulia-larigaldie.com\/ecriture\/#breadcrumb\"},\"inLanguage\":\"de-DE\",\"potentialAction\":[{\"@type\":\"ReadAction\",\"target\":[\"https:\/\/www.giulia-larigaldie.com\/ecriture\/\"]}]},{\"@type\":\"ImageObject\",\"inLanguage\":\"de-DE\",\"@id\":\"https:\/\/www.giulia-larigaldie.com\/ecriture\/#primaryimage\",\"url\":\"https:\/\/www.giulia-larigaldie.com\/wp-content\/uploads\/2019\/11\/DSC_5780-2-e1579528462727.jpg\",\"contentUrl\":\"https:\/\/www.giulia-larigaldie.com\/wp-content\/uploads\/2019\/11\/DSC_5780-2-e1579528462727.jpg\"},{\"@type\":\"BreadcrumbList\",\"@id\":\"https:\/\/www.giulia-larigaldie.com\/ecriture\/#breadcrumb\",\"itemListElement\":[{\"@type\":\"ListItem\",\"position\":1,\"name\":\"Accueil\",\"item\":\"https:\/\/www.giulia-larigaldie.com\/\"},{\"@type\":\"ListItem\",\"position\":2,\"name\":\"\u00c9CRITURE\"}]},{\"@type\":\"WebSite\",\"@id\":\"https:\/\/www.giulia-larigaldie.com\/#website\",\"url\":\"https:\/\/www.giulia-larigaldie.com\/\",\"name\":\"Giulia Larigaldie\",\"description\":\"\u00c9criture & photographie\",\"publisher\":{\"@id\":\"https:\/\/www.giulia-larigaldie.com\/#organization\"},\"potentialAction\":[{\"@type\":\"SearchAction\",\"target\":{\"@type\":\"EntryPoint\",\"urlTemplate\":\"https:\/\/www.giulia-larigaldie.com\/?s={search_term_string}\"},\"query-input\":{\"@type\":\"PropertyValueSpecification\",\"valueRequired\":true,\"valueName\":\"search_term_string\"}}],\"inLanguage\":\"de-DE\"},{\"@type\":\"Organization\",\"@id\":\"https:\/\/www.giulia-larigaldie.com\/#organization\",\"name\":\"Giulia Larigaldie\",\"url\":\"https:\/\/www.giulia-larigaldie.com\/\",\"logo\":{\"@type\":\"ImageObject\",\"inLanguage\":\"de-DE\",\"@id\":\"https:\/\/www.giulia-larigaldie.com\/#\/schema\/logo\/image\/\",\"url\":\"https:\/\/www.giulia-larigaldie.com\/wp-content\/uploads\/2020\/01\/cropped-logo-tres-petit-1.png\",\"contentUrl\":\"https:\/\/www.giulia-larigaldie.com\/wp-content\/uploads\/2020\/01\/cropped-logo-tres-petit-1.png\",\"width\":485,\"height\":216,\"caption\":\"Giulia Larigaldie\"},\"image\":{\"@id\":\"https:\/\/www.giulia-larigaldie.com\/#\/schema\/logo\/image\/\"}}]}<\/script>\n<!-- \/ Yoast SEO plugin. -->","yoast_head_json":{"title":"\u00c9CRITURE","description":"\u00c9crivain | Interview | Biographie | R\u00e9dactionnel | Article | Reportage | Roman | Nouvelle | Annecy | Erlangen | France | Allemagne","robots":{"index":"index","follow":"follow","max-snippet":"max-snippet:-1","max-image-preview":"max-image-preview:large","max-video-preview":"max-video-preview:-1"},"canonical":"https:\/\/www.giulia-larigaldie.com\/de\/ecriture\/","og_locale":"de_DE","og_type":"article","og_title":"[:fr][:fr]\u00c9CRITURE[:en]WRITING[:] - Giulia Larigaldie - \u00c9criture & Photographie[:]","og_description":"[:fr]\u00c9crivain | Interview | Biographie | R\u00e9dactionnel | Article | Reportage | Roman | Nouvelle | Annecy | Erlangen | France | Allemagne[:]","og_url":"https:\/\/www.giulia-larigaldie.com\/de\/ecriture\/","og_site_name":"Giulia Larigaldie","article_modified_time":"2024-04-30T09:02:34+00:00","og_image":[{"url":"https:\/\/www.giulia-larigaldie.com\/wp-content\/uploads\/2019\/11\/DSC_5780-2-e1579528462727.jpg","type":"","width":"","height":""}],"twitter_card":"summary_large_image","twitter_misc":{"Gesch\u00e4tzte Lesezeit":"2\u00a0Minuten"},"schema":{"@context":"https:\/\/schema.org","@graph":[{"@type":"WebPage","@id":"https:\/\/www.giulia-larigaldie.com\/ecriture\/","url":"https:\/\/www.giulia-larigaldie.com\/ecriture\/","name":"\u00c9CRITURE","isPartOf":{"@id":"https:\/\/www.giulia-larigaldie.com\/#website"},"primaryImageOfPage":{"@id":"https:\/\/www.giulia-larigaldie.com\/ecriture\/#primaryimage"},"image":{"@id":"https:\/\/www.giulia-larigaldie.com\/ecriture\/#primaryimage"},"thumbnailUrl":"https:\/\/www.giulia-larigaldie.com\/wp-content\/uploads\/2019\/11\/DSC_5780-2-e1579528462727.jpg","datePublished":"2020-01-23T14:41:01+00:00","dateModified":"2024-04-30T09:02:34+00:00","description":"\u00c9crivain | Interview | Biographie | R\u00e9dactionnel | Article | Reportage | Roman | Nouvelle | Annecy | Erlangen | France | Allemagne","breadcrumb":{"@id":"https:\/\/www.giulia-larigaldie.com\/ecriture\/#breadcrumb"},"inLanguage":"de-DE","potentialAction":[{"@type":"ReadAction","target":["https:\/\/www.giulia-larigaldie.com\/ecriture\/"]}]},{"@type":"ImageObject","inLanguage":"de-DE","@id":"https:\/\/www.giulia-larigaldie.com\/ecriture\/#primaryimage","url":"https:\/\/www.giulia-larigaldie.com\/wp-content\/uploads\/2019\/11\/DSC_5780-2-e1579528462727.jpg","contentUrl":"https:\/\/www.giulia-larigaldie.com\/wp-content\/uploads\/2019\/11\/DSC_5780-2-e1579528462727.jpg"},{"@type":"BreadcrumbList","@id":"https:\/\/www.giulia-larigaldie.com\/ecriture\/#breadcrumb","itemListElement":[{"@type":"ListItem","position":1,"name":"Accueil","item":"https:\/\/www.giulia-larigaldie.com\/"},{"@type":"ListItem","position":2,"name":"\u00c9CRITURE"}]},{"@type":"WebSite","@id":"https:\/\/www.giulia-larigaldie.com\/#website","url":"https:\/\/www.giulia-larigaldie.com\/","name":"Giulia Larigaldie","description":"\u00c9criture & photographie","publisher":{"@id":"https:\/\/www.giulia-larigaldie.com\/#organization"},"potentialAction":[{"@type":"SearchAction","target":{"@type":"EntryPoint","urlTemplate":"https:\/\/www.giulia-larigaldie.com\/?s={search_term_string}"},"query-input":{"@type":"PropertyValueSpecification","valueRequired":true,"valueName":"search_term_string"}}],"inLanguage":"de-DE"},{"@type":"Organization","@id":"https:\/\/www.giulia-larigaldie.com\/#organization","name":"Giulia Larigaldie","url":"https:\/\/www.giulia-larigaldie.com\/","logo":{"@type":"ImageObject","inLanguage":"de-DE","@id":"https:\/\/www.giulia-larigaldie.com\/#\/schema\/logo\/image\/","url":"https:\/\/www.giulia-larigaldie.com\/wp-content\/uploads\/2020\/01\/cropped-logo-tres-petit-1.png","contentUrl":"https:\/\/www.giulia-larigaldie.com\/wp-content\/uploads\/2020\/01\/cropped-logo-tres-petit-1.png","width":485,"height":216,"caption":"Giulia Larigaldie"},"image":{"@id":"https:\/\/www.giulia-larigaldie.com\/#\/schema\/logo\/image\/"}}]}},"uagb_featured_image_src":{"full":false,"thumbnail":false,"medium":false,"medium_large":false,"large":false,"1536x1536":false,"2048x2048":false,"bard-slider-grid-thumbnail":false,"bard-full-thumbnail":false,"bard-grid-thumbnail":false,"bard-list-thumbnail":false,"bard-single-navigation":false},"uagb_author_info":{"display_name":"Giulia Larigaldie","author_link":"https:\/\/www.giulia-larigaldie.com\/de\/author\/giulia\/"},"uagb_comment_info":0,"uagb_excerpt":null,"acf":[],"_links":{"self":[{"href":"https:\/\/www.giulia-larigaldie.com\/de\/wp-json\/wp\/v2\/pages\/1027","targetHints":{"allow":["GET"]}}],"collection":[{"href":"https:\/\/www.giulia-larigaldie.com\/de\/wp-json\/wp\/v2\/pages"}],"about":[{"href":"https:\/\/www.giulia-larigaldie.com\/de\/wp-json\/wp\/v2\/types\/page"}],"author":[{"embeddable":true,"href":"https:\/\/www.giulia-larigaldie.com\/de\/wp-json\/wp\/v2\/users\/2"}],"replies":[{"embeddable":true,"href":"https:\/\/www.giulia-larigaldie.com\/de\/wp-json\/wp\/v2\/comments?post=1027"}],"version-history":[{"count":58,"href":"https:\/\/www.giulia-larigaldie.com\/de\/wp-json\/wp\/v2\/pages\/1027\/revisions"}],"predecessor-version":[{"id":2992,"href":"https:\/\/www.giulia-larigaldie.com\/de\/wp-json\/wp\/v2\/pages\/1027\/revisions\/2992"}],"wp:attachment":[{"href":"https:\/\/www.giulia-larigaldie.com\/de\/wp-json\/wp\/v2\/media?parent=1027"}],"curies":[{"name":"wp","href":"https:\/\/api.w.org\/{rel}","templated":true}]}}