{"id":1035,"date":"2020-01-23T15:59:55","date_gmt":"2020-01-23T14:59:55","guid":{"rendered":"https:\/\/www.giulia-larigaldie.com\/?page_id=1035"},"modified":"2024-04-30T14:38:10","modified_gmt":"2024-04-30T12:38:10","slug":"photographie","status":"publish","type":"page","link":"https:\/\/www.giulia-larigaldie.com\/de\/services\/photographie\/photographie\/","title":{"rendered":"PHOTOGRAPHIE"},"content":{"rendered":"\n<div style=\"height:50px\" aria-hidden=\"true\" class=\"wp-block-spacer\"><\/div>\n\n\n\n<div class=\"wp-block-cover\"><span aria-hidden=\"true\" class=\"wp-block-cover__background has-background-dim\" style=\"background-color:#767b7a\"><\/span><img loading=\"lazy\" decoding=\"async\" width=\"800\" height=\"490\" class=\"wp-block-cover__image-background wp-image-961\" alt=\"\" src=\"https:\/\/www.giulia-larigaldie.com\/wp-content\/uploads\/2019\/11\/cropped-DSC_5797-1-e1579528426260.jpg\" style=\"object-position:77% 25%\" data-object-fit=\"cover\" data-object-position=\"77% 25%\" srcset=\"https:\/\/www.giulia-larigaldie.com\/wp-content\/uploads\/2019\/11\/cropped-DSC_5797-1-e1579528426260.jpg 800w, https:\/\/www.giulia-larigaldie.com\/wp-content\/uploads\/2019\/11\/cropped-DSC_5797-1-e1579528426260-300x184.jpg 300w, https:\/\/www.giulia-larigaldie.com\/wp-content\/uploads\/2019\/11\/cropped-DSC_5797-1-e1579528426260-768x470.jpg 768w\" sizes=\"auto, (max-width: 800px) 100vw, 800px\" \/><div class=\"wp-block-cover__inner-container is-layout-constrained wp-block-cover-is-layout-constrained\">\n<p class=\"has-text-align-left has-medium-font-size\">J&#8217;ai h\u00e9rit\u00e9 de mon p\u00e8re un go\u00fbt prononc\u00e9 pour la photographie.<\/p>\n\n\n\n<p class=\"has-medium-font-size\">Comme pour l&#8217;\u00e9criture, j&#8217;aspire \u00e0 \u00e9clairer des instants de vie, des parcours, des \u00e2mes, des villes&#8230; J&#8217;affectionne particuli\u00e8rement les d\u00e9tails qui apportent du contraste \u00e0 une fresque, les petites cicatrices qui racontent une histoire unique. J&#8217;essaie de saisir les regards vol\u00e9s, les rires spontan\u00e9s, les instants de complicit\u00e9.<\/p>\n\n\n\n<p class=\"has-medium-font-size\">Des portraits, non plus en mots mais en images.<\/p>\n\n\n\n<p class=\"has-medium-font-size\">Mes ann\u00e9es d&#8217;expatriation m&#8217;ont offert l&#8217;opportunit\u00e9 de rencontrer des artistes de talent, et de vivre des aventures photographiques incroyables.<\/p>\n<\/div><\/div>\n\n\n\n<div style=\"height:50px\" aria-hidden=\"true\" class=\"wp-block-spacer\"><\/div>\n\n\n\n<h6 class=\"wp-block-heading has-medium-font-size\">Cours de photographie avec Shyam Prasad, fondateur de <a href=\"https:\/\/www.ssacademy.in\/\">Shoots &#038; Shoots Academy<\/a> <\/h6>\n\n\n\n<h6 class=\"wp-block-heading has-small-font-size\">New Delhi (Janvier &#8211; Avril 2017)<\/h6>\n\n\n\n<figure class=\"wp-block-gallery has-nested-images columns-default is-cropped wp-block-gallery-1 is-layout-flex wp-block-gallery-is-layout-flex\">\n<figure class=\"wp-block-image size-large\"><a href=\"https:\/\/www.giulia-larigaldie.com\/wp-content\/uploads\/2019\/11\/Still-life-Cosmetics-2-e1579527987634.jpg\"><img loading=\"lazy\" decoding=\"async\" width=\"1024\" height=\"683\" data-id=\"736\" src=\"https:\/\/www.giulia-larigaldie.com\/wp-content\/uploads\/2019\/11\/Still-life-Cosmetics-2-1024x683.jpg\" alt=\"\" class=\"wp-image-736\"\/><\/a><\/figure>\n\n\n\n<figure class=\"wp-block-image size-large\"><a href=\"https:\/\/www.giulia-larigaldie.com\/wp-content\/uploads\/2019\/11\/Night-INDIA-GATE-TRIPLE-1-e1579527998302.jpg\"><img loading=\"lazy\" decoding=\"async\" width=\"1024\" height=\"683\" data-id=\"735\" src=\"https:\/\/www.giulia-larigaldie.com\/wp-content\/uploads\/2019\/11\/Night-INDIA-GATE-TRIPLE-1-1024x683.jpg\" alt=\"\" class=\"wp-image-735\"\/><\/a><\/figure>\n\n\n\n<figure class=\"wp-block-image size-large\"><a href=\"https:\/\/www.giulia-larigaldie.com\/wp-content\/uploads\/2019\/11\/MAW_8404-e1579528144900.jpg\"><img loading=\"lazy\" decoding=\"async\" width=\"1024\" height=\"683\" data-id=\"714\" src=\"https:\/\/www.giulia-larigaldie.com\/wp-content\/uploads\/2019\/11\/MAW_8404-1024x683.jpg\" alt=\"\" class=\"wp-image-714\"\/><\/a><\/figure>\n\n\n\n<figure class=\"wp-block-image size-large\"><a href=\"https:\/\/www.giulia-larigaldie.com\/wp-content\/uploads\/2019\/11\/Bath-time_0559-e1579528218694.jpg\"><img loading=\"lazy\" decoding=\"async\" width=\"1024\" height=\"683\" data-id=\"711\" src=\"https:\/\/www.giulia-larigaldie.com\/wp-content\/uploads\/2019\/11\/Bath-time_0559-1024x683.jpg\" alt=\"\" class=\"wp-image-711\"\/><\/a><\/figure>\n\n\n\n<figure class=\"wp-block-image size-large\"><a href=\"https:\/\/www.giulia-larigaldie.com\/wp-content\/uploads\/2019\/11\/Bath-time_4675-1-e1579527977600.jpg\"><img loading=\"lazy\" decoding=\"async\" width=\"1024\" height=\"683\" data-id=\"738\" src=\"https:\/\/www.giulia-larigaldie.com\/wp-content\/uploads\/2019\/11\/Bath-time_4675-1-1024x683.jpg\" alt=\"\" class=\"wp-image-738\"\/><\/a><\/figure>\n\n\n\n<figure class=\"wp-block-image size-large\"><a href=\"https:\/\/www.giulia-larigaldie.com\/wp-content\/uploads\/2019\/11\/Bath-Time_4739-1-e1579527968941.jpg\"><img loading=\"lazy\" decoding=\"async\" width=\"1024\" height=\"683\" data-id=\"739\" src=\"https:\/\/www.giulia-larigaldie.com\/wp-content\/uploads\/2019\/11\/Bath-Time_4739-1-1024x683.jpg\" alt=\"\" class=\"wp-image-739\"\/><\/a><\/figure>\n<\/figure>\n\n\n\n<div style=\"height:50px\" aria-hidden=\"true\" class=\"wp-block-spacer\"><\/div>\n\n\n\n<h6 class=\"wp-block-heading has-medium-font-size\">Stage photographie de rue avec <a href=\"http:\/\/Cours de photographie avec Shyam Prasad, fondateur de Shoots &#038; Shoots Academy\">Magali <\/a><\/h6>\n\n\n\n<h6 class=\"wp-block-heading has-small-font-size\">Katmandou (Avril 2017)<\/h6>\n\n\n\n<figure class=\"wp-block-gallery has-nested-images columns-default is-cropped wp-block-gallery-2 is-layout-flex wp-block-gallery-is-layout-flex\">\n<figure class=\"wp-block-image size-large\"><a href=\"https:\/\/www.giulia-larigaldie.com\/wp-content\/uploads\/2019\/11\/IMG_8802-e1579528225544.jpg\"><img loading=\"lazy\" decoding=\"async\" width=\"1024\" height=\"683\" data-id=\"710\" src=\"https:\/\/www.giulia-larigaldie.com\/wp-content\/uploads\/2019\/11\/IMG_8802-1024x683.jpg\" alt=\"\" class=\"wp-image-710\"\/><\/a><\/figure>\n\n\n\n<figure class=\"wp-block-image size-large\"><a href=\"https:\/\/www.giulia-larigaldie.com\/wp-content\/uploads\/2019\/11\/IMG_8735-e1579528237815.jpg\"><img loading=\"lazy\" decoding=\"async\" width=\"1024\" height=\"683\" data-id=\"709\" src=\"https:\/\/www.giulia-larigaldie.com\/wp-content\/uploads\/2019\/11\/IMG_8735-1024x683.jpg\" alt=\"\" class=\"wp-image-709\"\/><\/a><\/figure>\n\n\n\n<figure class=\"wp-block-image size-large\"><a href=\"https:\/\/www.giulia-larigaldie.com\/wp-content\/uploads\/2019\/11\/IMG_8597-e1579528253558.jpg\"><img loading=\"lazy\" decoding=\"async\" width=\"683\" height=\"1024\" data-id=\"707\" src=\"https:\/\/www.giulia-larigaldie.com\/wp-content\/uploads\/2019\/11\/IMG_8597-683x1024.jpg\" alt=\"\" class=\"wp-image-707\"\/><\/a><\/figure>\n\n\n\n<figure class=\"wp-block-image size-large\"><a href=\"https:\/\/www.giulia-larigaldie.com\/wp-content\/uploads\/2019\/11\/IMG_8474-e1579528260106.jpg\"><img loading=\"lazy\" decoding=\"async\" width=\"1024\" height=\"683\" data-id=\"706\" src=\"https:\/\/www.giulia-larigaldie.com\/wp-content\/uploads\/2019\/11\/IMG_8474-1024x683.jpg\" alt=\"\" class=\"wp-image-706\"\/><\/a><\/figure>\n<\/figure>\n\n\n\n<div style=\"height:50px\" aria-hidden=\"true\" class=\"wp-block-spacer\"><\/div>\n\n\n\n<div style=\"height:0px\" aria-hidden=\"true\" class=\"wp-block-spacer\"><\/div>\n\n\n\n<h6 class=\"wp-block-heading has-medium-font-size\">Stage de photographie artistique avec <a href=\"https:\/\/www.instagram.com\/ullareimer\/?hl=fr\">Ulla Reimer<\/a><\/h6>\n\n\n\n<h6 class=\"wp-block-heading has-small-font-size\">S\u00e9oul (Octobre 2015)<\/h6>\n\n\n\n<figure class=\"wp-block-gallery has-nested-images columns-default is-cropped wp-block-gallery-3 is-layout-flex wp-block-gallery-is-layout-flex\">\n<figure class=\"wp-block-image size-large\"><a href=\"https:\/\/www.giulia-larigaldie.com\/wp-content\/uploads\/2019\/11\/Statues-38-e1579528019410.jpg\"><img loading=\"lazy\" decoding=\"async\" width=\"1024\" height=\"683\" data-id=\"732\" src=\"https:\/\/www.giulia-larigaldie.com\/wp-content\/uploads\/2019\/11\/Statues-38-1024x683.jpg\" alt=\"\" class=\"wp-image-732\"\/><\/a><\/figure>\n\n\n\n<figure class=\"wp-block-image size-large\"><a href=\"https:\/\/www.giulia-larigaldie.com\/wp-content\/uploads\/2019\/11\/Statues-15-e1579528047442.jpg\"><img loading=\"lazy\" decoding=\"async\" width=\"768\" height=\"1024\" data-id=\"729\" src=\"https:\/\/www.giulia-larigaldie.com\/wp-content\/uploads\/2019\/11\/Statues-15-768x1024.jpg\" alt=\"\" class=\"wp-image-729\"\/><\/a><\/figure>\n\n\n\n<figure class=\"wp-block-image size-large\"><a href=\"https:\/\/www.giulia-larigaldie.com\/wp-content\/uploads\/2019\/11\/Reverbere-9-e1579528057548.jpg\"><img loading=\"lazy\" decoding=\"async\" width=\"768\" height=\"1024\" data-id=\"728\" src=\"https:\/\/www.giulia-larigaldie.com\/wp-content\/uploads\/2019\/11\/Reverbere-9-768x1024.jpg\" alt=\"\" class=\"wp-image-728\"\/><\/a><\/figure>\n\n\n\n<figure class=\"wp-block-image size-large\"><a href=\"https:\/\/www.giulia-larigaldie.com\/wp-content\/uploads\/2019\/11\/Free-style-72-e1579528086611.jpg\"><img loading=\"lazy\" decoding=\"async\" width=\"1024\" height=\"683\" data-id=\"725\" src=\"https:\/\/www.giulia-larigaldie.com\/wp-content\/uploads\/2019\/11\/Free-style-72-1024x683.jpg\" alt=\"\" class=\"wp-image-725\"\/><\/a><\/figure>\n<\/figure>\n","protected":false},"excerpt":{"rendered":"<p>Cours de photographie avec Shyam Prasad, fondateur de Shoots &#038; Shoots Academy New Delhi (Janvier &#8211; Avril 2017) Stage photographie de rue avec Magali Katmandou (Avril 2017) Stage de photographie artistique avec Ulla Reimer S\u00e9oul (Octobre 2015)<\/p>\n","protected":false},"author":2,"featured_media":0,"parent":1453,"menu_order":0,"comment_status":"closed","ping_status":"closed","template":"","meta":{"_uag_custom_page_level_css":"","footnotes":""},"class_list":["post-1035","page","type-page","status-publish","hentry"],"yoast_head":"<!-- This site is optimized with the Yoast SEO plugin v25.7 - https:\/\/yoast.com\/wordpress\/plugins\/seo\/ -->\n<title>PHOTOGRAPHIE<\/title>\n<meta name=\"description\" content=\"Photographie d&#039;art ou de produits | Portraits de rue ou en studio | Magnifier son sujet mais sans trahir | Travail sur mesure | Devis personnalis\u00e9\" \/>\n<meta name=\"robots\" content=\"index, follow, max-snippet:-1, max-image-preview:large, max-video-preview:-1\" \/>\n<link rel=\"canonical\" href=\"https:\/\/www.giulia-larigaldie.com\/de\/services\/photographie\/photographie\/\" \/>\n<meta property=\"og:locale\" content=\"de_DE\" \/>\n<meta property=\"og:locale:alternate\" content=\"fr_FR\" \/>\n<meta property=\"og:locale:alternate\" content=\"en_GB\" \/>\n<meta property=\"og:type\" content=\"article\" \/>\n<meta property=\"og:title\" content=\"PHOTOGRAPHIE\" \/>\n<meta property=\"og:description\" content=\"Photographie d&#039;art ou de produits | Portraits de rue ou en studio | Magnifier son sujet mais sans trahir | Travail sur mesure | Devis personnalis\u00e9\" \/>\n<meta property=\"og:url\" content=\"https:\/\/www.giulia-larigaldie.com\/de\/services\/photographie\/photographie\/\" \/>\n<meta property=\"og:site_name\" content=\"Giulia Larigaldie\" \/>\n<meta property=\"article:modified_time\" content=\"2024-04-30T12:38:10+00:00\" \/>\n<meta property=\"og:image\" content=\"https:\/\/www.giulia-larigaldie.com\/wp-content\/uploads\/2019\/11\/cropped-DSC_5797-1-e1579528426260.jpg\" \/>\n<meta name=\"twitter:card\" content=\"summary_large_image\" \/>\n<meta name=\"twitter:label1\" content=\"Gesch\u00e4tzte Lesezeit\" \/>\n\t<meta name=\"twitter:data1\" content=\"4\u00a0Minuten\" \/>\n<script type=\"application\/ld+json\" class=\"yoast-schema-graph\">{\"@context\":\"https:\/\/schema.org\",\"@graph\":[{\"@type\":\"WebPage\",\"@id\":\"https:\/\/www.giulia-larigaldie.com\/services\/photographie\/photographie\/\",\"url\":\"https:\/\/www.giulia-larigaldie.com\/services\/photographie\/photographie\/\",\"name\":\"PHOTOGRAPHIE\",\"isPartOf\":{\"@id\":\"https:\/\/www.giulia-larigaldie.com\/#website\"},\"primaryImageOfPage\":{\"@id\":\"https:\/\/www.giulia-larigaldie.com\/services\/photographie\/photographie\/#primaryimage\"},\"image\":{\"@id\":\"https:\/\/www.giulia-larigaldie.com\/services\/photographie\/photographie\/#primaryimage\"},\"thumbnailUrl\":\"https:\/\/www.giulia-larigaldie.com\/wp-content\/uploads\/2019\/11\/cropped-DSC_5797-1-e1579528426260.jpg\",\"datePublished\":\"2020-01-23T14:59:55+00:00\",\"dateModified\":\"2024-04-30T12:38:10+00:00\",\"description\":\"Photographie d'art ou de produits | Portraits de rue ou en studio | Magnifier son sujet mais sans trahir | Travail sur mesure | Devis personnalis\u00e9\",\"breadcrumb\":{\"@id\":\"https:\/\/www.giulia-larigaldie.com\/services\/photographie\/photographie\/#breadcrumb\"},\"inLanguage\":\"de-DE\",\"potentialAction\":[{\"@type\":\"ReadAction\",\"target\":[\"https:\/\/www.giulia-larigaldie.com\/services\/photographie\/photographie\/\"]}]},{\"@type\":\"ImageObject\",\"inLanguage\":\"de-DE\",\"@id\":\"https:\/\/www.giulia-larigaldie.com\/services\/photographie\/photographie\/#primaryimage\",\"url\":\"https:\/\/www.giulia-larigaldie.com\/wp-content\/uploads\/2019\/11\/cropped-DSC_5797-1-e1579528426260.jpg\",\"contentUrl\":\"https:\/\/www.giulia-larigaldie.com\/wp-content\/uploads\/2019\/11\/cropped-DSC_5797-1-e1579528426260.jpg\"},{\"@type\":\"BreadcrumbList\",\"@id\":\"https:\/\/www.giulia-larigaldie.com\/services\/photographie\/photographie\/#breadcrumb\",\"itemListElement\":[{\"@type\":\"ListItem\",\"position\":1,\"name\":\"Accueil\",\"item\":\"https:\/\/www.giulia-larigaldie.com\/\"},{\"@type\":\"ListItem\",\"position\":2,\"name\":\"SERVICES\",\"item\":\"https:\/\/www.giulia-larigaldie.com\/services\/\"},{\"@type\":\"ListItem\",\"position\":3,\"name\":\"PHOTOGRAPHIE\",\"item\":\"https:\/\/www.giulia-larigaldie.com\/services\/photographie\/\"},{\"@type\":\"ListItem\",\"position\":4,\"name\":\"PHOTOGRAPHIE\"}]},{\"@type\":\"WebSite\",\"@id\":\"https:\/\/www.giulia-larigaldie.com\/#website\",\"url\":\"https:\/\/www.giulia-larigaldie.com\/\",\"name\":\"Giulia Larigaldie\",\"description\":\"\u00c9criture & photographie\",\"publisher\":{\"@id\":\"https:\/\/www.giulia-larigaldie.com\/#organization\"},\"potentialAction\":[{\"@type\":\"SearchAction\",\"target\":{\"@type\":\"EntryPoint\",\"urlTemplate\":\"https:\/\/www.giulia-larigaldie.com\/?s={search_term_string}\"},\"query-input\":{\"@type\":\"PropertyValueSpecification\",\"valueRequired\":true,\"valueName\":\"search_term_string\"}}],\"inLanguage\":\"de-DE\"},{\"@type\":\"Organization\",\"@id\":\"https:\/\/www.giulia-larigaldie.com\/#organization\",\"name\":\"Giulia Larigaldie\",\"url\":\"https:\/\/www.giulia-larigaldie.com\/\",\"logo\":{\"@type\":\"ImageObject\",\"inLanguage\":\"de-DE\",\"@id\":\"https:\/\/www.giulia-larigaldie.com\/#\/schema\/logo\/image\/\",\"url\":\"https:\/\/www.giulia-larigaldie.com\/wp-content\/uploads\/2020\/01\/cropped-logo-tres-petit-1.png\",\"contentUrl\":\"https:\/\/www.giulia-larigaldie.com\/wp-content\/uploads\/2020\/01\/cropped-logo-tres-petit-1.png\",\"width\":485,\"height\":216,\"caption\":\"Giulia Larigaldie\"},\"image\":{\"@id\":\"https:\/\/www.giulia-larigaldie.com\/#\/schema\/logo\/image\/\"}}]}<\/script>\n<!-- \/ Yoast SEO plugin. -->","yoast_head_json":{"title":"PHOTOGRAPHIE","description":"Photographie d'art ou de produits | Portraits de rue ou en studio | Magnifier son sujet mais sans trahir | Travail sur mesure | Devis personnalis\u00e9","robots":{"index":"index","follow":"follow","max-snippet":"max-snippet:-1","max-image-preview":"max-image-preview:large","max-video-preview":"max-video-preview:-1"},"canonical":"https:\/\/www.giulia-larigaldie.com\/de\/services\/photographie\/photographie\/","og_locale":"de_DE","og_type":"article","og_title":"[:fr][:fr]PHOTOGRAPHIE[:] - Giulia Larigaldie - Photographe & \u00c9crivaine[:]","og_description":"[:fr]Photographie d'art ou de produits | Portraits de rue ou en studio | Magnifier son sujet mais sans trahir | Travail sur mesure | Devis personnalis\u00e9[:]","og_url":"https:\/\/www.giulia-larigaldie.com\/de\/services\/photographie\/photographie\/","og_site_name":"Giulia Larigaldie","article_modified_time":"2024-04-30T12:38:10+00:00","og_image":[{"url":"https:\/\/www.giulia-larigaldie.com\/wp-content\/uploads\/2019\/11\/cropped-DSC_5797-1-e1579528426260.jpg","type":"","width":"","height":""}],"twitter_card":"summary_large_image","twitter_misc":{"Gesch\u00e4tzte Lesezeit":"4\u00a0Minuten"},"schema":{"@context":"https:\/\/schema.org","@graph":[{"@type":"WebPage","@id":"https:\/\/www.giulia-larigaldie.com\/services\/photographie\/photographie\/","url":"https:\/\/www.giulia-larigaldie.com\/services\/photographie\/photographie\/","name":"PHOTOGRAPHIE","isPartOf":{"@id":"https:\/\/www.giulia-larigaldie.com\/#website"},"primaryImageOfPage":{"@id":"https:\/\/www.giulia-larigaldie.com\/services\/photographie\/photographie\/#primaryimage"},"image":{"@id":"https:\/\/www.giulia-larigaldie.com\/services\/photographie\/photographie\/#primaryimage"},"thumbnailUrl":"https:\/\/www.giulia-larigaldie.com\/wp-content\/uploads\/2019\/11\/cropped-DSC_5797-1-e1579528426260.jpg","datePublished":"2020-01-23T14:59:55+00:00","dateModified":"2024-04-30T12:38:10+00:00","description":"Photographie d'art ou de produits | Portraits de rue ou en studio | Magnifier son sujet mais sans trahir | Travail sur mesure | Devis personnalis\u00e9","breadcrumb":{"@id":"https:\/\/www.giulia-larigaldie.com\/services\/photographie\/photographie\/#breadcrumb"},"inLanguage":"de-DE","potentialAction":[{"@type":"ReadAction","target":["https:\/\/www.giulia-larigaldie.com\/services\/photographie\/photographie\/"]}]},{"@type":"ImageObject","inLanguage":"de-DE","@id":"https:\/\/www.giulia-larigaldie.com\/services\/photographie\/photographie\/#primaryimage","url":"https:\/\/www.giulia-larigaldie.com\/wp-content\/uploads\/2019\/11\/cropped-DSC_5797-1-e1579528426260.jpg","contentUrl":"https:\/\/www.giulia-larigaldie.com\/wp-content\/uploads\/2019\/11\/cropped-DSC_5797-1-e1579528426260.jpg"},{"@type":"BreadcrumbList","@id":"https:\/\/www.giulia-larigaldie.com\/services\/photographie\/photographie\/#breadcrumb","itemListElement":[{"@type":"ListItem","position":1,"name":"Accueil","item":"https:\/\/www.giulia-larigaldie.com\/"},{"@type":"ListItem","position":2,"name":"SERVICES","item":"https:\/\/www.giulia-larigaldie.com\/services\/"},{"@type":"ListItem","position":3,"name":"PHOTOGRAPHIE","item":"https:\/\/www.giulia-larigaldie.com\/services\/photographie\/"},{"@type":"ListItem","position":4,"name":"PHOTOGRAPHIE"}]},{"@type":"WebSite","@id":"https:\/\/www.giulia-larigaldie.com\/#website","url":"https:\/\/www.giulia-larigaldie.com\/","name":"Giulia Larigaldie","description":"\u00c9criture & photographie","publisher":{"@id":"https:\/\/www.giulia-larigaldie.com\/#organization"},"potentialAction":[{"@type":"SearchAction","target":{"@type":"EntryPoint","urlTemplate":"https:\/\/www.giulia-larigaldie.com\/?s={search_term_string}"},"query-input":{"@type":"PropertyValueSpecification","valueRequired":true,"valueName":"search_term_string"}}],"inLanguage":"de-DE"},{"@type":"Organization","@id":"https:\/\/www.giulia-larigaldie.com\/#organization","name":"Giulia Larigaldie","url":"https:\/\/www.giulia-larigaldie.com\/","logo":{"@type":"ImageObject","inLanguage":"de-DE","@id":"https:\/\/www.giulia-larigaldie.com\/#\/schema\/logo\/image\/","url":"https:\/\/www.giulia-larigaldie.com\/wp-content\/uploads\/2020\/01\/cropped-logo-tres-petit-1.png","contentUrl":"https:\/\/www.giulia-larigaldie.com\/wp-content\/uploads\/2020\/01\/cropped-logo-tres-petit-1.png","width":485,"height":216,"caption":"Giulia Larigaldie"},"image":{"@id":"https:\/\/www.giulia-larigaldie.com\/#\/schema\/logo\/image\/"}}]}},"uagb_featured_image_src":{"full":false,"thumbnail":false,"medium":false,"medium_large":false,"large":false,"1536x1536":false,"2048x2048":false,"bard-slider-grid-thumbnail":false,"bard-full-thumbnail":false,"bard-grid-thumbnail":false,"bard-list-thumbnail":false,"bard-single-navigation":false},"uagb_author_info":{"display_name":"Giulia Larigaldie","author_link":"https:\/\/www.giulia-larigaldie.com\/de\/author\/giulia\/"},"uagb_comment_info":0,"uagb_excerpt":"Cours de photographie avec Shyam Prasad, fondateur de Shoots &#038; Shoots Academy New Delhi (Janvier &#8211; Avril 2017) Stage photographie de rue avec Magali Katmandou (Avril 2017) Stage de photographie artistique avec Ulla Reimer S\u00e9oul (Octobre 2015)","acf":[],"_links":{"self":[{"href":"https:\/\/www.giulia-larigaldie.com\/de\/wp-json\/wp\/v2\/pages\/1035","targetHints":{"allow":["GET"]}}],"collection":[{"href":"https:\/\/www.giulia-larigaldie.com\/de\/wp-json\/wp\/v2\/pages"}],"about":[{"href":"https:\/\/www.giulia-larigaldie.com\/de\/wp-json\/wp\/v2\/types\/page"}],"author":[{"embeddable":true,"href":"https:\/\/www.giulia-larigaldie.com\/de\/wp-json\/wp\/v2\/users\/2"}],"replies":[{"embeddable":true,"href":"https:\/\/www.giulia-larigaldie.com\/de\/wp-json\/wp\/v2\/comments?post=1035"}],"version-history":[{"count":52,"href":"https:\/\/www.giulia-larigaldie.com\/de\/wp-json\/wp\/v2\/pages\/1035\/revisions"}],"predecessor-version":[{"id":3028,"href":"https:\/\/www.giulia-larigaldie.com\/de\/wp-json\/wp\/v2\/pages\/1035\/revisions\/3028"}],"up":[{"embeddable":true,"href":"https:\/\/www.giulia-larigaldie.com\/de\/wp-json\/wp\/v2\/pages\/1453"}],"wp:attachment":[{"href":"https:\/\/www.giulia-larigaldie.com\/de\/wp-json\/wp\/v2\/media?parent=1035"}],"curies":[{"name":"wp","href":"https:\/\/api.w.org\/{rel}","templated":true}]}}