{"id":1200,"date":"2020-01-27T15:22:51","date_gmt":"2020-01-27T14:22:51","guid":{"rendered":"https:\/\/www.giulia-larigaldie.com\/?page_id=1200"},"modified":"2024-04-30T11:40:01","modified_gmt":"2024-04-30T09:40:01","slug":"articles","status":"publish","type":"page","link":"https:\/\/www.giulia-larigaldie.com\/de\/ecriture\/articles\/","title":{"rendered":"ARTICLES"},"content":{"rendered":"\n<div class=\"wp-block-cover is-light\"><span aria-hidden=\"true\" class=\"wp-block-cover__background has-background-dim\"><\/span><img loading=\"lazy\" decoding=\"async\" width=\"1024\" height=\"684\" class=\"wp-block-cover__image-background wp-image-394\" alt=\"\" src=\"https:\/\/www.giulia-larigaldie.com\/wp-content\/uploads\/2019\/11\/DSC_5780-2-e1579528462727.jpg\" data-object-fit=\"cover\"\/><div class=\"wp-block-cover__inner-container is-layout-flow wp-block-cover-is-layout-flow\">\n<p class=\"has-white-color has-text-color has-link-color has-medium-font-size wp-elements-cf32523f98b43454f75ecb9640ceac30\">La r\u00e9daction d\u2019articles de fond est venue naturellement, lorsque j\u2019ai commenc\u00e9 \u00e0 r\u00e9aliser des <strong><a href=\"https:\/\/www.giulia-larigaldie.com\/ecriture\/interviews\/\"><mark style=\"background-color:rgba(0, 0, 0, 0)\" class=\"has-inline-color has-luminous-vivid-amber-color\">interviews<\/mark><\/a><\/strong>. En effet, comment r\u00e9ellement comprendre une personne sans appr\u00e9hender l\u2019environnement dans lequel elle \u00e9volue ?<\/p>\n\n\n\n<p class=\"has-white-color has-text-color has-link-color has-medium-font-size wp-elements-44adabebf6d09e80517ffa53977b6076\">Par exemple, pour Moollon Kyen&nbsp;: comment une musicienne cor\u00e9enne ind\u00e9pendante peut-elle survivre au royaume de la K Pop, cette industrie qui fabrique des stars et une musique jetables&nbsp;? Il est donc impossible de dresser un portrait de cette artiste sans d\u00e9peindre le contexte dans lequel elle \u00e9volue\u2026<\/p>\n<\/div><\/div>\n\n\n\n<div style=\"height:50px\" aria-hidden=\"true\" class=\"wp-block-spacer\"><\/div>\n\n\n\n<h6 class=\"wp-block-heading\"><strong>K Wawe : derri\u00e8re un mot \u00e0 la mode, une strat\u00e9gie gouvernementale offensive, ambitieuse et aff\u00fbt\u00e9e&#8230;<\/strong><\/h6>\n\n\n\n<div class=\"wp-block-media-text alignwide\" style=\"grid-template-columns:15% auto\"><figure class=\"wp-block-media-text__media\"><img loading=\"lazy\" decoding=\"async\" width=\"222\" height=\"300\" src=\"https:\/\/www.giulia-larigaldie.com\/wp-content\/uploads\/2020\/01\/Screenshot-2020-01-27-at-11.29.57.png\" alt=\"\" class=\"wp-image-1166 size-full\"\/><\/figure><div class=\"wp-block-media-text__content\">\n<p class=\"has-small-font-size\">En 1994, les recettes totales g\u00e9n\u00e9r\u00e9es par le film am\u00e9ricain \u00ab&nbsp;Jurassic park&nbsp;\u00bb sont sup\u00e9rieures au produit de la vente de 1,5 Million de voitures Hyundai. Le gouvernement cor\u00e9en r\u00e9alise que la culture est un bien exportable et que sa promotion peut \u00eatre b\u00e9n\u00e9fique au pays en g\u00e9n\u00e9ral et \u00e0 son \u00e9conomie en particulier.<\/p>\n\n\n\n<div class=\"wp-block-file\"><a href=\"https:\/\/www.giulia-larigaldie.com\/wp-content\/uploads\/2019\/11\/Culture-Kwave.pdf\"><strong>ARTICLE KWAWE (Petit \u00c9chotier, Sept.-Oct. 2014)  <\/strong><\/a><a href=\"https:\/\/www.giulia-larigaldie.com\/wp-content\/uploads\/2019\/11\/Culture-Kwave.pdf\" class=\"wp-block-file__button wp-element-button\" download>T\u00e9l\u00e9charger<\/a><\/div>\n<\/div><\/div>\n\n\n\n<div style=\"height:50px\" aria-hidden=\"true\" class=\"wp-block-spacer\"><\/div>\n\n\n\n<h6 class=\"wp-block-heading\"><strong>KPOP&nbsp;: une r\u00e9incarnation de la Bubblegom Pop des ann\u00e9es 60 \u2013 70&nbsp;?<\/strong><\/h6>\n\n\n\n<div class=\"wp-block-media-text alignwide\" style=\"grid-template-columns:15% auto\"><figure class=\"wp-block-media-text__media\"><img loading=\"lazy\" decoding=\"async\" width=\"222\" height=\"350\" src=\"https:\/\/www.giulia-larigaldie.com\/wp-content\/uploads\/2020\/01\/Screenshot-2020-01-27-at-11.29.35.png\" alt=\"\" class=\"wp-image-1165 size-full\" srcset=\"https:\/\/www.giulia-larigaldie.com\/wp-content\/uploads\/2020\/01\/Screenshot-2020-01-27-at-11.29.35.png 222w, https:\/\/www.giulia-larigaldie.com\/wp-content\/uploads\/2020\/01\/Screenshot-2020-01-27-at-11.29.35-190x300.png 190w\" sizes=\"auto, (max-width: 222px) 100vw, 222px\" \/><\/figure><div class=\"wp-block-media-text__content\">\n<p class=\"has-small-font-size\">Un succ\u00e8s incontest\u00e9, un syst\u00e9matisme qui \u00e0 la fois effraie et force le respect. Une vision, un engagement long terme des entreprises pour des produits de grande consommation et de courte dur\u00e9e de vie. Ces contradictions sont le miroir de la soci\u00e9t\u00e9 contemporaine cor\u00e9enne.<\/p>\n\n\n\n<div class=\"wp-block-file\"><a href=\"https:\/\/www.giulia-larigaldie.com\/wp-content\/uploads\/2019\/11\/Culture-KPOP.pdf\"> <strong>ARTICLE KPOP (Petit \u00c9chotier, Sept.-Oct. 2014) <\/strong><\/a><a href=\"https:\/\/www.giulia-larigaldie.com\/wp-content\/uploads\/2019\/11\/Culture-KPOP.pdf\" class=\"wp-block-file__button wp-element-button\" download>T\u00e9l\u00e9charger<\/a><\/div>\n<\/div><\/div>\n\n\n\n<div style=\"height:50px\" aria-hidden=\"true\" class=\"wp-block-spacer\"><\/div>\n\n\n\n<h6 class=\"wp-block-heading\"><strong>La guerre de Cor\u00e9e entre Nord et Sud dura de Juin 1950 \u00e0 Juillet 1953 et fit environ 1,8 Millions de victimes<\/strong><\/h6>\n\n\n\n<div class=\"wp-block-media-text alignwide\" style=\"grid-template-columns:15% auto\"><figure class=\"wp-block-media-text__media\"><img loading=\"lazy\" decoding=\"async\" width=\"222\" height=\"350\" src=\"https:\/\/www.giulia-larigaldie.com\/wp-content\/uploads\/2020\/01\/Screenshot-2020-01-27-at-15.26.58.png\" alt=\"\" class=\"wp-image-1202 size-full\" srcset=\"https:\/\/www.giulia-larigaldie.com\/wp-content\/uploads\/2020\/01\/Screenshot-2020-01-27-at-15.26.58.png 222w, https:\/\/www.giulia-larigaldie.com\/wp-content\/uploads\/2020\/01\/Screenshot-2020-01-27-at-15.26.58-190x300.png 190w\" sizes=\"auto, (max-width: 222px) 100vw, 222px\" \/><\/figure><div class=\"wp-block-media-text__content\">\n<p class=\"has-small-font-size\">Le AA (Armistice Agreement), trait\u00e9 d\u2019armistice, qui fut sign\u00e9 entre la Cor\u00e9e du Nord, la Cor\u00e9e du Sud et les Nations Unies en Juillet 1953 est uniquement un accord de cessez-le-feu entre des forces militaires, et non pas un accord de paix entre des gouvernements. Le trait\u00e9 d\u2019armistice est une sorte de feuille de route, tr\u00e8s concret et d\u00e9taill\u00e9e, visant \u00e0 mettre en place toutes les conditions n\u00e9cessaires \u00e0 la future signature d\u2019un trait\u00e9 de paix. Mais il n\u2019y eut jamais de trait\u00e9 de paix sign\u00e9, ce qui signifie que la guerre de Cor\u00e9e n\u2019est officiellement pas termin\u00e9e.<\/p>\n\n\n\n<div class=\"wp-block-file\"><a href=\"https:\/\/www.giulia-larigaldie.com\/wp-content\/uploads\/2020\/01\/Article-Traite\u0301-darmistice-entre-les-2-Core\u0301e.pdf\"><strong>ARTICLE TRAIT\u00c9 D\u2019ARMISTICE COR\u00c9EN (Petit \u00c9chotier, Mars-Avril 2015)  <\/strong><\/a><a href=\"https:\/\/www.giulia-larigaldie.com\/wp-content\/uploads\/2020\/01\/Article-Traite\u0301-darmistice-entre-les-2-Core\u0301e.pdf\" class=\"wp-block-file__button wp-element-button\" download>T\u00e9l\u00e9charger<\/a><\/div>\n<\/div><\/div>\n","protected":false},"excerpt":{"rendered":"<p>K Wawe : derri\u00e8re un mot \u00e0 la mode, une strat\u00e9gie gouvernementale offensive, ambitieuse et aff\u00fbt\u00e9e&#8230; KPOP&nbsp;: une r\u00e9incarnation de la Bubblegom Pop des ann\u00e9es 60 \u2013 70&nbsp;? La guerre de Cor\u00e9e entre Nord et Sud dura de Juin 1950 \u00e0 Juillet 1953 et fit environ 1,8 Millions de victimes<\/p>\n","protected":false},"author":2,"featured_media":0,"parent":1027,"menu_order":0,"comment_status":"closed","ping_status":"closed","template":"","meta":{"_uag_custom_page_level_css":"","footnotes":""},"class_list":["post-1200","page","type-page","status-publish","hentry"],"yoast_head":"<!-- This site is optimized with the Yoast SEO plugin v25.7 - https:\/\/yoast.com\/wordpress\/plugins\/seo\/ -->\n<title>ARTICLES<\/title>\n<meta name=\"description\" content=\"\u00c9crivaine &amp; Photographe | Recherche minutieuse | Documentation | Pr\u00e9paration pour des interviews | K-Wawe &amp; K-Pop | Contexte &amp; Enjeux\" \/>\n<meta name=\"robots\" content=\"index, follow, max-snippet:-1, max-image-preview:large, max-video-preview:-1\" \/>\n<link rel=\"canonical\" href=\"https:\/\/www.giulia-larigaldie.com\/de\/ecriture\/articles\/\" \/>\n<meta property=\"og:locale\" content=\"de_DE\" \/>\n<meta property=\"og:locale:alternate\" content=\"fr_FR\" \/>\n<meta property=\"og:locale:alternate\" content=\"en_GB\" \/>\n<meta property=\"og:type\" content=\"article\" \/>\n<meta property=\"og:title\" content=\"ARTICLES\" \/>\n<meta property=\"og:description\" content=\"\u00c9crivaine &amp; Photographe | Recherche minutieuse | Documentation | Pr\u00e9paration pour des interviews | K-Wawe &amp; K-Pop | Contexte &amp; Enjeux\" \/>\n<meta property=\"og:url\" content=\"https:\/\/www.giulia-larigaldie.com\/de\/ecriture\/articles\/\" \/>\n<meta property=\"og:site_name\" content=\"Giulia Larigaldie\" \/>\n<meta property=\"article:modified_time\" content=\"2024-04-30T09:40:01+00:00\" \/>\n<meta property=\"og:image\" content=\"https:\/\/www.giulia-larigaldie.com\/wp-content\/uploads\/2019\/11\/DSC_5780-2-e1579528462727.jpg\" \/>\n<meta name=\"twitter:card\" content=\"summary_large_image\" \/>\n<meta name=\"twitter:label1\" content=\"Gesch\u00e4tzte Lesezeit\" \/>\n\t<meta name=\"twitter:data1\" content=\"3\u00a0Minuten\" \/>\n<script type=\"application\/ld+json\" class=\"yoast-schema-graph\">{\"@context\":\"https:\/\/schema.org\",\"@graph\":[{\"@type\":\"WebPage\",\"@id\":\"https:\/\/www.giulia-larigaldie.com\/ecriture\/articles\/\",\"url\":\"https:\/\/www.giulia-larigaldie.com\/ecriture\/articles\/\",\"name\":\"ARTICLES\",\"isPartOf\":{\"@id\":\"https:\/\/www.giulia-larigaldie.com\/#website\"},\"primaryImageOfPage\":{\"@id\":\"https:\/\/www.giulia-larigaldie.com\/ecriture\/articles\/#primaryimage\"},\"image\":{\"@id\":\"https:\/\/www.giulia-larigaldie.com\/ecriture\/articles\/#primaryimage\"},\"thumbnailUrl\":\"https:\/\/www.giulia-larigaldie.com\/wp-content\/uploads\/2019\/11\/DSC_5780-2-e1579528462727.jpg\",\"datePublished\":\"2020-01-27T14:22:51+00:00\",\"dateModified\":\"2024-04-30T09:40:01+00:00\",\"description\":\"\u00c9crivaine & Photographe | Recherche minutieuse | Documentation | Pr\u00e9paration pour des interviews | K-Wawe & K-Pop | Contexte & Enjeux\",\"breadcrumb\":{\"@id\":\"https:\/\/www.giulia-larigaldie.com\/ecriture\/articles\/#breadcrumb\"},\"inLanguage\":\"de-DE\",\"potentialAction\":[{\"@type\":\"ReadAction\",\"target\":[\"https:\/\/www.giulia-larigaldie.com\/ecriture\/articles\/\"]}]},{\"@type\":\"ImageObject\",\"inLanguage\":\"de-DE\",\"@id\":\"https:\/\/www.giulia-larigaldie.com\/ecriture\/articles\/#primaryimage\",\"url\":\"https:\/\/www.giulia-larigaldie.com\/wp-content\/uploads\/2019\/11\/DSC_5780-2-e1579528462727.jpg\",\"contentUrl\":\"https:\/\/www.giulia-larigaldie.com\/wp-content\/uploads\/2019\/11\/DSC_5780-2-e1579528462727.jpg\"},{\"@type\":\"BreadcrumbList\",\"@id\":\"https:\/\/www.giulia-larigaldie.com\/ecriture\/articles\/#breadcrumb\",\"itemListElement\":[{\"@type\":\"ListItem\",\"position\":1,\"name\":\"Accueil\",\"item\":\"https:\/\/www.giulia-larigaldie.com\/\"},{\"@type\":\"ListItem\",\"position\":2,\"name\":\"\u00c9CRITURE\",\"item\":\"https:\/\/www.giulia-larigaldie.com\/ecriture\/\"},{\"@type\":\"ListItem\",\"position\":3,\"name\":\"ARTICLES\"}]},{\"@type\":\"WebSite\",\"@id\":\"https:\/\/www.giulia-larigaldie.com\/#website\",\"url\":\"https:\/\/www.giulia-larigaldie.com\/\",\"name\":\"Giulia Larigaldie\",\"description\":\"\u00c9criture & photographie\",\"publisher\":{\"@id\":\"https:\/\/www.giulia-larigaldie.com\/#organization\"},\"potentialAction\":[{\"@type\":\"SearchAction\",\"target\":{\"@type\":\"EntryPoint\",\"urlTemplate\":\"https:\/\/www.giulia-larigaldie.com\/?s={search_term_string}\"},\"query-input\":{\"@type\":\"PropertyValueSpecification\",\"valueRequired\":true,\"valueName\":\"search_term_string\"}}],\"inLanguage\":\"de-DE\"},{\"@type\":\"Organization\",\"@id\":\"https:\/\/www.giulia-larigaldie.com\/#organization\",\"name\":\"Giulia Larigaldie\",\"url\":\"https:\/\/www.giulia-larigaldie.com\/\",\"logo\":{\"@type\":\"ImageObject\",\"inLanguage\":\"de-DE\",\"@id\":\"https:\/\/www.giulia-larigaldie.com\/#\/schema\/logo\/image\/\",\"url\":\"https:\/\/www.giulia-larigaldie.com\/wp-content\/uploads\/2020\/01\/cropped-logo-tres-petit-1.png\",\"contentUrl\":\"https:\/\/www.giulia-larigaldie.com\/wp-content\/uploads\/2020\/01\/cropped-logo-tres-petit-1.png\",\"width\":485,\"height\":216,\"caption\":\"Giulia Larigaldie\"},\"image\":{\"@id\":\"https:\/\/www.giulia-larigaldie.com\/#\/schema\/logo\/image\/\"}}]}<\/script>\n<!-- \/ Yoast SEO plugin. -->","yoast_head_json":{"title":"ARTICLES","description":"\u00c9crivaine & Photographe | Recherche minutieuse | Documentation | Pr\u00e9paration pour des interviews | K-Wawe & K-Pop | Contexte & Enjeux","robots":{"index":"index","follow":"follow","max-snippet":"max-snippet:-1","max-image-preview":"max-image-preview:large","max-video-preview":"max-video-preview:-1"},"canonical":"https:\/\/www.giulia-larigaldie.com\/de\/ecriture\/articles\/","og_locale":"de_DE","og_type":"article","og_title":"[:fr][:fr]ARTICLES[:] - Giulia Larigaldie - \u00c9criture & Photographie[:]","og_description":"[:fr]\u00c9crivaine & Photographe | Recherche minutieuse | Documentation | Pr\u00e9paration pour des interviews | K-Wawe & K-Pop | Contexte & Enjeux[:]","og_url":"https:\/\/www.giulia-larigaldie.com\/de\/ecriture\/articles\/","og_site_name":"Giulia Larigaldie","article_modified_time":"2024-04-30T09:40:01+00:00","og_image":[{"url":"https:\/\/www.giulia-larigaldie.com\/wp-content\/uploads\/2019\/11\/DSC_5780-2-e1579528462727.jpg","type":"","width":"","height":""}],"twitter_card":"summary_large_image","twitter_misc":{"Gesch\u00e4tzte Lesezeit":"3\u00a0Minuten"},"schema":{"@context":"https:\/\/schema.org","@graph":[{"@type":"WebPage","@id":"https:\/\/www.giulia-larigaldie.com\/ecriture\/articles\/","url":"https:\/\/www.giulia-larigaldie.com\/ecriture\/articles\/","name":"ARTICLES","isPartOf":{"@id":"https:\/\/www.giulia-larigaldie.com\/#website"},"primaryImageOfPage":{"@id":"https:\/\/www.giulia-larigaldie.com\/ecriture\/articles\/#primaryimage"},"image":{"@id":"https:\/\/www.giulia-larigaldie.com\/ecriture\/articles\/#primaryimage"},"thumbnailUrl":"https:\/\/www.giulia-larigaldie.com\/wp-content\/uploads\/2019\/11\/DSC_5780-2-e1579528462727.jpg","datePublished":"2020-01-27T14:22:51+00:00","dateModified":"2024-04-30T09:40:01+00:00","description":"\u00c9crivaine & Photographe | Recherche minutieuse | Documentation | Pr\u00e9paration pour des interviews | K-Wawe & K-Pop | Contexte & Enjeux","breadcrumb":{"@id":"https:\/\/www.giulia-larigaldie.com\/ecriture\/articles\/#breadcrumb"},"inLanguage":"de-DE","potentialAction":[{"@type":"ReadAction","target":["https:\/\/www.giulia-larigaldie.com\/ecriture\/articles\/"]}]},{"@type":"ImageObject","inLanguage":"de-DE","@id":"https:\/\/www.giulia-larigaldie.com\/ecriture\/articles\/#primaryimage","url":"https:\/\/www.giulia-larigaldie.com\/wp-content\/uploads\/2019\/11\/DSC_5780-2-e1579528462727.jpg","contentUrl":"https:\/\/www.giulia-larigaldie.com\/wp-content\/uploads\/2019\/11\/DSC_5780-2-e1579528462727.jpg"},{"@type":"BreadcrumbList","@id":"https:\/\/www.giulia-larigaldie.com\/ecriture\/articles\/#breadcrumb","itemListElement":[{"@type":"ListItem","position":1,"name":"Accueil","item":"https:\/\/www.giulia-larigaldie.com\/"},{"@type":"ListItem","position":2,"name":"\u00c9CRITURE","item":"https:\/\/www.giulia-larigaldie.com\/ecriture\/"},{"@type":"ListItem","position":3,"name":"ARTICLES"}]},{"@type":"WebSite","@id":"https:\/\/www.giulia-larigaldie.com\/#website","url":"https:\/\/www.giulia-larigaldie.com\/","name":"Giulia Larigaldie","description":"\u00c9criture & photographie","publisher":{"@id":"https:\/\/www.giulia-larigaldie.com\/#organization"},"potentialAction":[{"@type":"SearchAction","target":{"@type":"EntryPoint","urlTemplate":"https:\/\/www.giulia-larigaldie.com\/?s={search_term_string}"},"query-input":{"@type":"PropertyValueSpecification","valueRequired":true,"valueName":"search_term_string"}}],"inLanguage":"de-DE"},{"@type":"Organization","@id":"https:\/\/www.giulia-larigaldie.com\/#organization","name":"Giulia Larigaldie","url":"https:\/\/www.giulia-larigaldie.com\/","logo":{"@type":"ImageObject","inLanguage":"de-DE","@id":"https:\/\/www.giulia-larigaldie.com\/#\/schema\/logo\/image\/","url":"https:\/\/www.giulia-larigaldie.com\/wp-content\/uploads\/2020\/01\/cropped-logo-tres-petit-1.png","contentUrl":"https:\/\/www.giulia-larigaldie.com\/wp-content\/uploads\/2020\/01\/cropped-logo-tres-petit-1.png","width":485,"height":216,"caption":"Giulia Larigaldie"},"image":{"@id":"https:\/\/www.giulia-larigaldie.com\/#\/schema\/logo\/image\/"}}]}},"uagb_featured_image_src":{"full":false,"thumbnail":false,"medium":false,"medium_large":false,"large":false,"1536x1536":false,"2048x2048":false,"bard-slider-grid-thumbnail":false,"bard-full-thumbnail":false,"bard-grid-thumbnail":false,"bard-list-thumbnail":false,"bard-single-navigation":false},"uagb_author_info":{"display_name":"Giulia Larigaldie","author_link":"https:\/\/www.giulia-larigaldie.com\/de\/author\/giulia\/"},"uagb_comment_info":0,"uagb_excerpt":"K Wawe : derri\u00e8re un mot \u00e0 la mode, une strat\u00e9gie gouvernementale offensive, ambitieuse et aff\u00fbt\u00e9e&#8230; KPOP&nbsp;: une r\u00e9incarnation de la Bubblegom Pop des ann\u00e9es 60 \u2013 70&nbsp;? La guerre de Cor\u00e9e entre Nord et Sud dura de Juin 1950 \u00e0 Juillet 1953 et fit environ 1,8 Millions de victimes","acf":[],"_links":{"self":[{"href":"https:\/\/www.giulia-larigaldie.com\/de\/wp-json\/wp\/v2\/pages\/1200","targetHints":{"allow":["GET"]}}],"collection":[{"href":"https:\/\/www.giulia-larigaldie.com\/de\/wp-json\/wp\/v2\/pages"}],"about":[{"href":"https:\/\/www.giulia-larigaldie.com\/de\/wp-json\/wp\/v2\/types\/page"}],"author":[{"embeddable":true,"href":"https:\/\/www.giulia-larigaldie.com\/de\/wp-json\/wp\/v2\/users\/2"}],"replies":[{"embeddable":true,"href":"https:\/\/www.giulia-larigaldie.com\/de\/wp-json\/wp\/v2\/comments?post=1200"}],"version-history":[{"count":27,"href":"https:\/\/www.giulia-larigaldie.com\/de\/wp-json\/wp\/v2\/pages\/1200\/revisions"}],"predecessor-version":[{"id":3007,"href":"https:\/\/www.giulia-larigaldie.com\/de\/wp-json\/wp\/v2\/pages\/1200\/revisions\/3007"}],"up":[{"embeddable":true,"href":"https:\/\/www.giulia-larigaldie.com\/de\/wp-json\/wp\/v2\/pages\/1027"}],"wp:attachment":[{"href":"https:\/\/www.giulia-larigaldie.com\/de\/wp-json\/wp\/v2\/media?parent=1200"}],"curies":[{"name":"wp","href":"https:\/\/api.w.org\/{rel}","templated":true}]}}