{"id":1204,"date":"2020-01-27T15:29:52","date_gmt":"2020-01-27T14:29:52","guid":{"rendered":"https:\/\/www.giulia-larigaldie.com\/?page_id=1204"},"modified":"2024-04-30T11:48:55","modified_gmt":"2024-04-30T09:48:55","slug":"nouvelles","status":"publish","type":"page","link":"https:\/\/www.giulia-larigaldie.com\/en\/ecriture\/nouvelles\/","title":{"rendered":"NOUVELLES"},"content":{"rendered":"\n<div class=\"wp-block-cover is-light\"><span aria-hidden=\"true\" class=\"wp-block-cover__background has-background-dim\"><\/span><img loading=\"lazy\" decoding=\"async\" width=\"1024\" height=\"684\" class=\"wp-block-cover__image-background wp-image-394\" alt=\"\" src=\"https:\/\/www.giulia-larigaldie.com\/wp-content\/uploads\/2019\/11\/DSC_5780-2-e1579528462727.jpg\" data-object-fit=\"cover\"\/><div class=\"wp-block-cover__inner-container is-layout-flow wp-block-cover-is-layout-flow\">\n<div style=\"height:30px\" aria-hidden=\"true\" class=\"wp-block-spacer\"><\/div>\n\n\n\n<p class=\"has-white-color has-text-color has-link-color has-medium-font-size wp-elements-b3cd65f2ca5b7ed11213bcef3017bfab\">L\u2019<strong><a href=\"https:\/\/www.giulia-larigaldie.com\/ecriture\/\">\u00e9criture<\/a><\/strong> a vraiment commenc\u00e9 en Angleterre, avec un cours en ligne \u00ab&nbsp;<em>Start writing fiction<\/em>&nbsp;\u00bb. En effet, pour bien \u00e9crire, il faut s\u2019entrainer et travailler d\u2019arrache-pied. Comme un athl\u00e8te s\u2019\u00e9chauffe avant une course, je commence par des histoires courtes qui me permettent de me glisser dans la peau de personnages tr\u00e8s \u00e9loign\u00e9s de mon quotidien, et d\u2019\u00e9voquer des trajectoires qui m\u2019interrogent.<\/p>\n\n\n\n<p class=\"has-white-color has-text-color has-link-color has-medium-font-size wp-elements-60e29e61d3a39e19db7a394d2cf19029\">Les deux histoires courtes ci-dessous ont \u00e9t\u00e9 s\u00e9lectionn\u00e9es par le Magazine <strong><em>Writer\u2019s forum<\/em><\/strong> qui tirait \u00e0 20.000 exemplaires par mois.<\/p>\n\n\n\n<p class=\"has-white-color has-text-color has-link-color has-medium-font-size wp-elements-c96240db2c97d1a80a2ba61168feadea\">\u00c9crire en anglais s\u2019est donc r\u00e9v\u00e9l\u00e9 \u00eatre un excellent exercice pour chercher le terme juste, ne prendre aucun mot pour acquis. Une aide pr\u00e9cieuse pour l\u2019\u00e9criture de mon premier <strong><a href=\"https:\/\/www.giulia-larigaldie.com\/ecriture\/romans\/\"><mark style=\"background-color:rgba(0, 0, 0, 0)\" class=\"has-inline-color has-luminous-vivid-amber-color\">roman<\/mark><\/a><\/strong><mark style=\"background-color:rgba(0, 0, 0, 0)\" class=\"has-inline-color has-luminous-vivid-amber-color\"> <\/mark><em><a href=\"https:\/\/www.amazon.fr\/vie-reprit-%C3%A0-petites-foul%C3%A9es\/dp\/2253262498\/ref=sr_1_1?crid=1ZVRVRROGBDH8&#038;dib=eyJ2IjoiMSJ9.5Q_vsa_zJrPdYC4yPpLvHBhn44IPZvO4F5dlqz5OrHr0GRsRjzGE_DI3m0wVKQMu4yzs_4WPkz-QOnz5bRpO_wQtN3L_XjrYE4jqRKSSYrMgQswPRYsE9Q5GgykTTuAj4idVIyp8yOflQ8kTDgeNM1wIVIou3I_-nw0dGcQ6Pauh_S-uJQTQdL3dxy264uf6.zh4pZHZweTc2l_Dtvgjzkq-HuC7bbZqoM0nJah-S3y0&#038;dib_tag=se&#038;keywords=et+la+vie+reprit+%C3%A0+petites+foul%C3%A9es&#038;qid=1714339121&#038;s=books&#038;sprefix=et+la+vie+reprit+%C3%A0+%2Cstripbooks%2C104&#038;sr=1-1\"><strong><mark style=\"background-color:rgba(0, 0, 0, 0)\" class=\"has-inline-color has-luminous-vivid-amber-color\">Et la vie reprit \u00e0 petites foul\u00e9es.<\/mark><\/strong><\/a><\/em><\/p>\n\n\n\n<div style=\"height:30px\" aria-hidden=\"true\" class=\"wp-block-spacer\"><\/div>\n<\/div><\/div>\n\n\n\n<div style=\"height:50px\" aria-hidden=\"true\" class=\"wp-block-spacer\"><\/div>\n\n\n\n<h6 class=\"wp-block-heading\">\u201cAnother day in the City of Men\u201d<\/h6>\n\n\n\n<blockquote class=\"wp-block-quote is-layout-flow wp-block-quote-is-layout-flow\">\n<p>\u201cThe air was brisk and pure, cold but dry. Turyalai Muhammadzai orientated himself for the Fajr, the Khyber Pass facing his right shoulder and his silk worn out carpet turned towards Mecca. Like his Prophet, he deeply savoured the first prayer of the day, with his mind as unclouded and peaceful as possible. The soil was still dormant from the cold invasion of the winter night. After several years of outdoor physical labour, his knees resented the prostrating and kneeling parts of the oration, but he mentally waved at the pain, like an old friend, and went on with the litany\u2026\u201d<\/p>\n<cite><br> \u201cAnother day in the City of Men\u201d, Giulia Larigaldie<br> Short-listed by Writer\u2019s Forum <br><\/cite><\/blockquote>\n\n\n\n<p><strong>Commentary by judge Lorraine Mace from Writer\u2019s Forum:<\/strong> \u201cTuryalai, his wife and the City of Men all come to life. The characters are real and believable; the city is vibrant and has a personality of its own.\u201d <\/p>\n\n\n\n<div class=\"wp-block-file\"><a href=\"https:\/\/www.giulia-larigaldie.com\/wp-content\/uploads\/2019\/10\/Another-day-in-the-city-of-men-GL.pdf\"><strong>Another day in the city of men<\/strong><\/a><a href=\"https:\/\/www.giulia-larigaldie.com\/wp-content\/uploads\/2019\/10\/Another-day-in-the-city-of-men-GL.pdf\" class=\"wp-block-file__button wp-element-button\" download>T\u00e9l\u00e9charger<\/a><\/div>\n\n\n\n<div style=\"height:30px\" aria-hidden=\"true\" class=\"wp-block-spacer\"><\/div>\n\n\n\n<h6 class=\"wp-block-heading\">\u201cLos Perdidos\u201d<\/h6>\n\n\n\n<blockquote class=\"wp-block-quote is-layout-flow wp-block-quote-is-layout-flow\">\n<p>\u201cIf this letter stands now in your hands, it means that you have found the body. Here is my account of the events that led to the present situation. My name is Ernesto Aguirre. I settled down in <em>Los Perdidos<\/em> thirteen years ago. You may have already seen me several times in the city, but you would not remember my face. I am an ordinary looking man: I have learned to blend in a long time ago. When it was a matter of survival\u2026\u201d <\/p>\n<cite><br> \u201cLos Perdidos\u201d, Giulia Larigaldie<br> Short-listed by Writer\u2019s Forum <\/cite><\/blockquote>\n\n\n\n<p><strong>Commentary by judge Lorraine Mace from Writer\u2019s Forum:<\/strong>  You have a lovely style and I enjoyed reading your work very much indeed. I\u2019m short-listing this story \u2013 congratulations!\u201d  <\/p>\n\n\n\n<div class=\"wp-block-file\"><a href=\"https:\/\/www.giulia-larigaldie.com\/wp-content\/uploads\/2019\/10\/Los-Perdidos.pdf\"><strong>Los Perdidos<\/strong><\/a><a href=\"https:\/\/www.giulia-larigaldie.com\/wp-content\/uploads\/2019\/10\/Los-Perdidos.pdf\" class=\"wp-block-file__button wp-element-button\" download>T\u00e9l\u00e9charger<\/a><\/div>\n","protected":false},"excerpt":{"rendered":"<p>\u201cAnother day in the City of Men\u201d \u201cThe air was brisk and pure, cold but dry. Turyalai Muhammadzai orientated himself for the Fajr, the Khyber Pass facing his right shoulder and his silk worn out carpet turned towards Mecca. Like his Prophet, he deeply savoured the first prayer of the day, with his mind as unclouded and peaceful as possible. The soil was still dormant from the cold invasion of the winter night. After several years of outdoor physical labour, his knees resented the prostrating and kneeling parts of the oration, but he mentally waved at the pain, like an old friend, and went on with the litany\u2026\u201d \u201cAnother day in the City of Men\u201d, Giulia Larigaldie Short-listed by Writer\u2019s Forum Commentary by judge Lorraine Mace from Writer\u2019s Forum: \u201cTuryalai, his wife and the City of Men all come to life. The characters are real and believable; the city is vibrant and has a personality of its own.\u201d \u201cLos Perdidos\u201d \u201cIf this letter stands now in your hands, it means that you have found the body. Here is my account of the events that led to the present situation. My name is Ernesto Aguirre. I settled down in Los Perdidos thirteen years ago. You may have already seen me several times in the city, but you would not remember my face. I am an ordinary looking man: I have learned to blend in a long time ago. When it was a matter of survival\u2026\u201d \u201cLos Perdidos\u201d, Giulia Larigaldie Short-listed by Writer\u2019s Forum Commentary by judge Lorraine Mace from Writer\u2019s Forum: You have a lovely style and I enjoyed reading your work very much indeed. I\u2019m short-listing this story \u2013 congratulations!\u201d<\/p>\n","protected":false},"author":2,"featured_media":0,"parent":1027,"menu_order":0,"comment_status":"closed","ping_status":"closed","template":"","meta":{"_uag_custom_page_level_css":"","footnotes":""},"class_list":["post-1204","page","type-page","status-publish","hentry"],"yoast_head":"<!-- This site is optimized with the Yoast SEO plugin v25.7 - https:\/\/yoast.com\/wordpress\/plugins\/seo\/ -->\n<title>NOUVELLES<\/title>\n<meta name=\"description\" content=\"\u00c9crivaine | \u00c9criture en anglais | Nouvelles s\u00e9lectionn\u00e9es sur la liste courte de Writer&#039;s Forum | Another day in the city of men | Los perdidos\" \/>\n<meta name=\"robots\" content=\"index, follow, max-snippet:-1, max-image-preview:large, max-video-preview:-1\" \/>\n<link rel=\"canonical\" href=\"https:\/\/www.giulia-larigaldie.com\/en\/ecriture\/nouvelles\/\" \/>\n<meta property=\"og:locale\" content=\"en_GB\" \/>\n<meta property=\"og:locale:alternate\" content=\"fr_FR\" \/>\n<meta property=\"og:locale:alternate\" content=\"de_DE\" \/>\n<meta property=\"og:type\" content=\"article\" \/>\n<meta property=\"og:title\" content=\"NOUVELLES\" \/>\n<meta property=\"og:description\" content=\"\u00c9crivaine | \u00c9criture en anglais | Nouvelles s\u00e9lectionn\u00e9es sur la liste courte de Writer&#039;s Forum | Another day in the city of men | Los perdidos\" \/>\n<meta property=\"og:url\" content=\"https:\/\/www.giulia-larigaldie.com\/en\/ecriture\/nouvelles\/\" \/>\n<meta property=\"og:site_name\" content=\"Giulia Larigaldie\" \/>\n<meta property=\"article:modified_time\" content=\"2024-04-30T09:48:55+00:00\" \/>\n<meta property=\"og:image\" content=\"https:\/\/www.giulia-larigaldie.com\/wp-content\/uploads\/2019\/11\/DSC_5780-2-e1579528462727.jpg\" \/>\n<meta name=\"twitter:card\" content=\"summary_large_image\" \/>\n<meta name=\"twitter:label1\" content=\"Estimated reading time\" \/>\n\t<meta name=\"twitter:data1\" content=\"2 minutes\" \/>\n<script type=\"application\/ld+json\" class=\"yoast-schema-graph\">{\"@context\":\"https:\/\/schema.org\",\"@graph\":[{\"@type\":\"WebPage\",\"@id\":\"https:\/\/www.giulia-larigaldie.com\/ecriture\/nouvelles\/\",\"url\":\"https:\/\/www.giulia-larigaldie.com\/ecriture\/nouvelles\/\",\"name\":\"NOUVELLES\",\"isPartOf\":{\"@id\":\"https:\/\/www.giulia-larigaldie.com\/#website\"},\"primaryImageOfPage\":{\"@id\":\"https:\/\/www.giulia-larigaldie.com\/ecriture\/nouvelles\/#primaryimage\"},\"image\":{\"@id\":\"https:\/\/www.giulia-larigaldie.com\/ecriture\/nouvelles\/#primaryimage\"},\"thumbnailUrl\":\"https:\/\/www.giulia-larigaldie.com\/wp-content\/uploads\/2019\/11\/DSC_5780-2-e1579528462727.jpg\",\"datePublished\":\"2020-01-27T14:29:52+00:00\",\"dateModified\":\"2024-04-30T09:48:55+00:00\",\"description\":\"\u00c9crivaine | \u00c9criture en anglais | Nouvelles s\u00e9lectionn\u00e9es sur la liste courte de Writer's Forum | Another day in the city of men | Los perdidos\",\"breadcrumb\":{\"@id\":\"https:\/\/www.giulia-larigaldie.com\/ecriture\/nouvelles\/#breadcrumb\"},\"inLanguage\":\"en-GB\",\"potentialAction\":[{\"@type\":\"ReadAction\",\"target\":[\"https:\/\/www.giulia-larigaldie.com\/ecriture\/nouvelles\/\"]}]},{\"@type\":\"ImageObject\",\"inLanguage\":\"en-GB\",\"@id\":\"https:\/\/www.giulia-larigaldie.com\/ecriture\/nouvelles\/#primaryimage\",\"url\":\"https:\/\/www.giulia-larigaldie.com\/wp-content\/uploads\/2019\/11\/DSC_5780-2-e1579528462727.jpg\",\"contentUrl\":\"https:\/\/www.giulia-larigaldie.com\/wp-content\/uploads\/2019\/11\/DSC_5780-2-e1579528462727.jpg\"},{\"@type\":\"BreadcrumbList\",\"@id\":\"https:\/\/www.giulia-larigaldie.com\/ecriture\/nouvelles\/#breadcrumb\",\"itemListElement\":[{\"@type\":\"ListItem\",\"position\":1,\"name\":\"Accueil\",\"item\":\"https:\/\/www.giulia-larigaldie.com\/\"},{\"@type\":\"ListItem\",\"position\":2,\"name\":\"\u00c9CRITURE\",\"item\":\"https:\/\/www.giulia-larigaldie.com\/ecriture\/\"},{\"@type\":\"ListItem\",\"position\":3,\"name\":\"NOUVELLES\"}]},{\"@type\":\"WebSite\",\"@id\":\"https:\/\/www.giulia-larigaldie.com\/#website\",\"url\":\"https:\/\/www.giulia-larigaldie.com\/\",\"name\":\"Giulia Larigaldie\",\"description\":\"\u00c9criture & photographie\",\"publisher\":{\"@id\":\"https:\/\/www.giulia-larigaldie.com\/#organization\"},\"potentialAction\":[{\"@type\":\"SearchAction\",\"target\":{\"@type\":\"EntryPoint\",\"urlTemplate\":\"https:\/\/www.giulia-larigaldie.com\/?s={search_term_string}\"},\"query-input\":{\"@type\":\"PropertyValueSpecification\",\"valueRequired\":true,\"valueName\":\"search_term_string\"}}],\"inLanguage\":\"en-GB\"},{\"@type\":\"Organization\",\"@id\":\"https:\/\/www.giulia-larigaldie.com\/#organization\",\"name\":\"Giulia Larigaldie\",\"url\":\"https:\/\/www.giulia-larigaldie.com\/\",\"logo\":{\"@type\":\"ImageObject\",\"inLanguage\":\"en-GB\",\"@id\":\"https:\/\/www.giulia-larigaldie.com\/#\/schema\/logo\/image\/\",\"url\":\"https:\/\/www.giulia-larigaldie.com\/wp-content\/uploads\/2020\/01\/cropped-logo-tres-petit-1.png\",\"contentUrl\":\"https:\/\/www.giulia-larigaldie.com\/wp-content\/uploads\/2020\/01\/cropped-logo-tres-petit-1.png\",\"width\":485,\"height\":216,\"caption\":\"Giulia Larigaldie\"},\"image\":{\"@id\":\"https:\/\/www.giulia-larigaldie.com\/#\/schema\/logo\/image\/\"}}]}<\/script>\n<!-- \/ Yoast SEO plugin. -->","yoast_head_json":{"title":"NOUVELLES","description":"\u00c9crivaine | \u00c9criture en anglais | Nouvelles s\u00e9lectionn\u00e9es sur la liste courte de Writer's Forum | Another day in the city of men | Los perdidos","robots":{"index":"index","follow":"follow","max-snippet":"max-snippet:-1","max-image-preview":"max-image-preview:large","max-video-preview":"max-video-preview:-1"},"canonical":"https:\/\/www.giulia-larigaldie.com\/en\/ecriture\/nouvelles\/","og_locale":"en_GB","og_type":"article","og_title":"[:fr][:fr]NOUVELLES[:] - Giulia Larigaldie - \u00c9criture & Photographie[:]","og_description":"[:fr]\u00c9crivaine | \u00c9criture en anglais | Nouvelles s\u00e9lectionn\u00e9es sur la liste courte de Writer's Forum | Another day in the city of men | Los perdidos[:]","og_url":"https:\/\/www.giulia-larigaldie.com\/en\/ecriture\/nouvelles\/","og_site_name":"Giulia Larigaldie","article_modified_time":"2024-04-30T09:48:55+00:00","og_image":[{"url":"https:\/\/www.giulia-larigaldie.com\/wp-content\/uploads\/2019\/11\/DSC_5780-2-e1579528462727.jpg","type":"","width":"","height":""}],"twitter_card":"summary_large_image","twitter_misc":{"Estimated reading time":"2 minutes"},"schema":{"@context":"https:\/\/schema.org","@graph":[{"@type":"WebPage","@id":"https:\/\/www.giulia-larigaldie.com\/ecriture\/nouvelles\/","url":"https:\/\/www.giulia-larigaldie.com\/ecriture\/nouvelles\/","name":"NOUVELLES","isPartOf":{"@id":"https:\/\/www.giulia-larigaldie.com\/#website"},"primaryImageOfPage":{"@id":"https:\/\/www.giulia-larigaldie.com\/ecriture\/nouvelles\/#primaryimage"},"image":{"@id":"https:\/\/www.giulia-larigaldie.com\/ecriture\/nouvelles\/#primaryimage"},"thumbnailUrl":"https:\/\/www.giulia-larigaldie.com\/wp-content\/uploads\/2019\/11\/DSC_5780-2-e1579528462727.jpg","datePublished":"2020-01-27T14:29:52+00:00","dateModified":"2024-04-30T09:48:55+00:00","description":"\u00c9crivaine | \u00c9criture en anglais | Nouvelles s\u00e9lectionn\u00e9es sur la liste courte de Writer's Forum | Another day in the city of men | Los perdidos","breadcrumb":{"@id":"https:\/\/www.giulia-larigaldie.com\/ecriture\/nouvelles\/#breadcrumb"},"inLanguage":"en-GB","potentialAction":[{"@type":"ReadAction","target":["https:\/\/www.giulia-larigaldie.com\/ecriture\/nouvelles\/"]}]},{"@type":"ImageObject","inLanguage":"en-GB","@id":"https:\/\/www.giulia-larigaldie.com\/ecriture\/nouvelles\/#primaryimage","url":"https:\/\/www.giulia-larigaldie.com\/wp-content\/uploads\/2019\/11\/DSC_5780-2-e1579528462727.jpg","contentUrl":"https:\/\/www.giulia-larigaldie.com\/wp-content\/uploads\/2019\/11\/DSC_5780-2-e1579528462727.jpg"},{"@type":"BreadcrumbList","@id":"https:\/\/www.giulia-larigaldie.com\/ecriture\/nouvelles\/#breadcrumb","itemListElement":[{"@type":"ListItem","position":1,"name":"Accueil","item":"https:\/\/www.giulia-larigaldie.com\/"},{"@type":"ListItem","position":2,"name":"\u00c9CRITURE","item":"https:\/\/www.giulia-larigaldie.com\/ecriture\/"},{"@type":"ListItem","position":3,"name":"NOUVELLES"}]},{"@type":"WebSite","@id":"https:\/\/www.giulia-larigaldie.com\/#website","url":"https:\/\/www.giulia-larigaldie.com\/","name":"Giulia Larigaldie","description":"\u00c9criture & photographie","publisher":{"@id":"https:\/\/www.giulia-larigaldie.com\/#organization"},"potentialAction":[{"@type":"SearchAction","target":{"@type":"EntryPoint","urlTemplate":"https:\/\/www.giulia-larigaldie.com\/?s={search_term_string}"},"query-input":{"@type":"PropertyValueSpecification","valueRequired":true,"valueName":"search_term_string"}}],"inLanguage":"en-GB"},{"@type":"Organization","@id":"https:\/\/www.giulia-larigaldie.com\/#organization","name":"Giulia Larigaldie","url":"https:\/\/www.giulia-larigaldie.com\/","logo":{"@type":"ImageObject","inLanguage":"en-GB","@id":"https:\/\/www.giulia-larigaldie.com\/#\/schema\/logo\/image\/","url":"https:\/\/www.giulia-larigaldie.com\/wp-content\/uploads\/2020\/01\/cropped-logo-tres-petit-1.png","contentUrl":"https:\/\/www.giulia-larigaldie.com\/wp-content\/uploads\/2020\/01\/cropped-logo-tres-petit-1.png","width":485,"height":216,"caption":"Giulia Larigaldie"},"image":{"@id":"https:\/\/www.giulia-larigaldie.com\/#\/schema\/logo\/image\/"}}]}},"uagb_featured_image_src":{"full":false,"thumbnail":false,"medium":false,"medium_large":false,"large":false,"1536x1536":false,"2048x2048":false,"bard-slider-grid-thumbnail":false,"bard-full-thumbnail":false,"bard-grid-thumbnail":false,"bard-list-thumbnail":false,"bard-single-navigation":false},"uagb_author_info":{"display_name":"Giulia Larigaldie","author_link":"https:\/\/www.giulia-larigaldie.com\/en\/author\/giulia\/"},"uagb_comment_info":0,"uagb_excerpt":"\u201cAnother day in the City of Men\u201d \u201cThe air was brisk and pure, cold but dry. Turyalai Muhammadzai orientated himself for the Fajr, the Khyber Pass facing his right shoulder and his silk worn out carpet turned towards Mecca. Like his Prophet, he deeply savoured the first prayer of the day, with his mind as&hellip;","acf":[],"_links":{"self":[{"href":"https:\/\/www.giulia-larigaldie.com\/en\/wp-json\/wp\/v2\/pages\/1204","targetHints":{"allow":["GET"]}}],"collection":[{"href":"https:\/\/www.giulia-larigaldie.com\/en\/wp-json\/wp\/v2\/pages"}],"about":[{"href":"https:\/\/www.giulia-larigaldie.com\/en\/wp-json\/wp\/v2\/types\/page"}],"author":[{"embeddable":true,"href":"https:\/\/www.giulia-larigaldie.com\/en\/wp-json\/wp\/v2\/users\/2"}],"replies":[{"embeddable":true,"href":"https:\/\/www.giulia-larigaldie.com\/en\/wp-json\/wp\/v2\/comments?post=1204"}],"version-history":[{"count":21,"href":"https:\/\/www.giulia-larigaldie.com\/en\/wp-json\/wp\/v2\/pages\/1204\/revisions"}],"predecessor-version":[{"id":3016,"href":"https:\/\/www.giulia-larigaldie.com\/en\/wp-json\/wp\/v2\/pages\/1204\/revisions\/3016"}],"up":[{"embeddable":true,"href":"https:\/\/www.giulia-larigaldie.com\/en\/wp-json\/wp\/v2\/pages\/1027"}],"wp:attachment":[{"href":"https:\/\/www.giulia-larigaldie.com\/en\/wp-json\/wp\/v2\/media?parent=1204"}],"curies":[{"name":"wp","href":"https:\/\/api.w.org\/{rel}","templated":true}]}}