{"id":1226,"date":"2020-01-27T16:27:50","date_gmt":"2020-01-27T15:27:50","guid":{"rendered":"https:\/\/www.giulia-larigaldie.com\/?page_id=1226"},"modified":"2020-02-20T19:26:13","modified_gmt":"2020-02-20T18:26:13","slug":"reportages","status":"publish","type":"page","link":"https:\/\/www.giulia-larigaldie.com\/en\/services\/photographie\/photographie\/reportages\/","title":{"rendered":"REPORTAGES"},"content":{"rendered":"\n<div class=\"wp-block-cover has-background-dim-40 has-background-dim\" style=\"background-image:url(https:\/\/www.giulia-larigaldie.com\/wp-content\/uploads\/2019\/11\/DSC_5830-e1579528488529.jpg);background-position:48.51485148514851% 61.940298507462686%\"><div class=\"wp-block-cover__inner-container is-layout-flow wp-block-cover-is-layout-flow\">\n<p class=\"has-medium-font-size\">Forte de mon exp\u00e9rience accumul\u00e9e en photographie, et apr\u00e8s une rencontre avec une journaliste cl\u00e9 du <strong><a rel=\"noreferrer noopener\" aria-label=\"Magazine Indes (s\u2019ouvre dans un nouvel onglet)\" href=\"https:\/\/mediaindia.eu\/magazine\/indes\/\" target=\"_blank\">Magazine Indes<\/a><\/strong> \u00e0 New Delhi, la suite logique \u00e9tait donc d\u2019allier mes deux passions&nbsp;: l\u2019<strong><a href=\"https:\/\/www.giulia-larigaldie.com\/ecriture\/\">\u00e9criture<\/a><\/strong> et la <strong><a href=\"https:\/\/www.giulia-larigaldie.com\/photographie\/\">photographie<\/a><\/strong> pour documenter des instants uniques, des tranches de vies.<\/p>\n<\/div><\/div>\n\n\n\n<div style=\"height:50px\" aria-hidden=\"true\" class=\"wp-block-spacer\"><\/div>\n\n\n\n<h6 class=\"wp-block-heading\"><strong>&#8220;Chamayavilakku, \u00e9clairer notre part de f\u00e9minit\u00e9&nbsp;\u00bb<\/strong><\/h6>\n\n\n\n<div class=\"wp-block-media-text alignwide is-vertically-aligned-top\" style=\"grid-template-columns:28% auto\"><figure class=\"wp-block-media-text__media\"><img loading=\"lazy\" decoding=\"async\" width=\"258\" height=\"350\" src=\"https:\/\/www.giulia-larigaldie.com\/wp-content\/uploads\/2020\/01\/Screenshot-2020-01-27-at-17.22.29.png\" alt=\"\" class=\"wp-image-1260\" srcset=\"https:\/\/www.giulia-larigaldie.com\/wp-content\/uploads\/2020\/01\/Screenshot-2020-01-27-at-17.22.29.png 258w, https:\/\/www.giulia-larigaldie.com\/wp-content\/uploads\/2020\/01\/Screenshot-2020-01-27-at-17.22.29-221x300.png 221w\" sizes=\"auto, (max-width: 258px) 100vw, 258px\" \/><\/figure><div class=\"wp-block-media-text__content\">\n<p class=\"has-small-font-size\">\u00ab&nbsp;L\u2019air de la nuit est doux et charg\u00e9 d\u2019humidit\u00e9. Le premier quartier de lune fait p\u00e2le figure \u00e0 c\u00f4t\u00e9 des lumi\u00e8res multicolores qui illuminent le grand terre-plein herbeux, noir de monde. L\u2019atmosph\u00e8re est festive. Des vendeurs de cacahu\u00e8tes grill\u00e9es s\u2019affairent de toute part, des bouquets de ballons o\u00f9 la figure de Dora l\u2019exploratrice c\u00f4toie celle de Krishna s\u2019\u00e9l\u00e8vent vers le ciel. Des familles enti\u00e8res sont ici pour profiter de cette f\u00eate. Puis l\u2019on ressent une sorte de tremblement profond qui se rapproche et s\u2019intensifie. C\u2019est une procession de danseurs et de musiciens. Les hommes sont v\u00eatus d\u2019un dhoti blanc, certains arborent des sabres et m\u00eame des boucliers. Enfin, majestueusement, quatre \u00e9l\u00e9phants aux d\u00e9fenses lustr\u00e9es, portant des <em>thidambous <\/em>(sorte de bouclier ouvrag\u00e9 appos\u00e9 sur la t\u00eate) se fraient un passage dans la foule. Des enfants en oublient un instant de manger leur glace qui fond.&nbsp;\u00bb <\/p>\n<\/div><\/div>\n\n\n\n<div class=\"wp-block-file\"><a href=\"https:\/\/www.giulia-larigaldie.com\/wp-content\/uploads\/2019\/11\/Chamayavilakku.pdf\"><strong>&#8220;Chamayavilakku, \u00e9clairer notre part de f\u00e9minit\u00e9&nbsp;\u00bb &#8211; Giulia Larigaldie, Magazine Indes (Mai 2018)<\/strong>  <\/a><a href=\"https:\/\/www.giulia-larigaldie.com\/wp-content\/uploads\/2019\/11\/Chamayavilakku.pdf\" class=\"wp-block-file__button\" download>T\u00e9l\u00e9charger<\/a><\/div>\n\n\n\n<div style=\"height:30px\" aria-hidden=\"true\" class=\"wp-block-spacer\"><\/div>\n\n\n\n<h6 class=\"wp-block-heading\"><strong>\u201cTheyyam, danse sacr\u00e9e et mystique\u201d<\/strong><\/h6>\n\n\n\n<div class=\"wp-block-media-text alignwide\" style=\"grid-template-columns:28% auto\"><figure class=\"wp-block-media-text__media\"><img loading=\"lazy\" decoding=\"async\" width=\"258\" height=\"350\" src=\"https:\/\/www.giulia-larigaldie.com\/wp-content\/uploads\/2020\/01\/Screenshot-2020-01-27-at-17.21.57.png\" alt=\"\" class=\"wp-image-1259\" srcset=\"https:\/\/www.giulia-larigaldie.com\/wp-content\/uploads\/2020\/01\/Screenshot-2020-01-27-at-17.21.57.png 258w, https:\/\/www.giulia-larigaldie.com\/wp-content\/uploads\/2020\/01\/Screenshot-2020-01-27-at-17.21.57-221x300.png 221w\" sizes=\"auto, (max-width: 258px) 100vw, 258px\" \/><\/figure><div class=\"wp-block-media-text__content\">\n<p class=\"has-small-font-size\">\u00ab&nbsp;Je suis encore v\u00eatu de mon dhoti et mon visage ne\nporte presque pas de maquillage. Les notes des <em>thottams<\/em> que nous chantons s\u2019\u00e9l\u00e8vent dans la nuit \u00e9toil\u00e9e. Ces\nchansons racontent les l\u00e9gendes des divinit\u00e9s que nous incarnons dans notre <em>theyyam. <\/em>Je me concentre sur Bhagawathi,\nje mets tout mon c\u0153ur dans ces chants que je lui adresse. Pourrai-je pleinement\nentrer en transe&nbsp;? La divinit\u00e9 prendra-t-elle possession de moi&nbsp;? <\/p>\n\n\n\n<p class=\"has-small-font-size\">Toute l\u2019ann\u00e9e, je suis un <em>dalit<\/em>, un basse caste, un moins que rien qu\u2019on ignore dans la rue,\nqu\u2019on croise avec d\u00e9gout. Mais, pendant les trois ou quatre mois de la saison\ndes <em>theyyam<\/em>, je deviens un dieu\ndevant lequel m\u00eame les plus grands <em>brahmanes\n<\/em>se prosternent.\n\nJe suis un <em>theyyakkaran&nbsp;:\n<\/em>pratiquer le <em>theyyam <\/em>est un droit\ndont j\u2019ai h\u00e9rit\u00e9 \u00e0 ma naissance.&nbsp;\u00bb\n\n\n\n<\/p>\n<\/div><\/div>\n\n\n\n<div class=\"wp-block-file\"><a href=\"https:\/\/www.giulia-larigaldie.com\/wp-content\/uploads\/2019\/10\/Theyyam-.pdf\"><strong>\u201cTheyyam, danse sacr\u00e9e et mystique\u201d \u2013 Giulia Larigaldie, Magazine Indes (Ao\u00fbt 2018)<\/strong>&nbsp; <\/a><a href=\"https:\/\/www.giulia-larigaldie.com\/wp-content\/uploads\/2019\/10\/Theyyam-.pdf\" class=\"wp-block-file__button\" download>T\u00e9l\u00e9charger<\/a><\/div>\n\n\n\n<p><a href=\"https:\/\/mediaindia.eu\/author\/giulia-larigaldie\/\" target=\"_blank\" rel=\"noreferrer noopener\" aria-label=\"Article en ligne (s\u2019ouvre dans un nouvel onglet)\"><strong>Article en ligne<\/strong><\/a><\/p>\n","protected":false},"excerpt":{"rendered":"<p>&#8220;Chamayavilakku, \u00e9clairer notre part de f\u00e9minit\u00e9&nbsp;\u00bb \u00ab&nbsp;L\u2019air de la nuit est doux et charg\u00e9 d\u2019humidit\u00e9. Le premier quartier de lune fait p\u00e2le figure \u00e0 c\u00f4t\u00e9 des lumi\u00e8res multicolores qui illuminent le grand terre-plein herbeux, noir de monde. L\u2019atmosph\u00e8re est festive. Des vendeurs de cacahu\u00e8tes grill\u00e9es s\u2019affairent de toute part, des bouquets de ballons o\u00f9 la figure de Dora l\u2019exploratrice c\u00f4toie celle de Krishna s\u2019\u00e9l\u00e8vent vers le ciel. Des familles enti\u00e8res sont ici pour profiter de cette f\u00eate. Puis l\u2019on ressent une sorte de tremblement profond qui se rapproche et s\u2019intensifie. C\u2019est une procession de danseurs et de musiciens. Les hommes sont v\u00eatus d\u2019un dhoti blanc, certains arborent des sabres et m\u00eame des boucliers. Enfin, majestueusement, quatre \u00e9l\u00e9phants aux d\u00e9fenses lustr\u00e9es, portant des thidambous (sorte de bouclier ouvrag\u00e9 appos\u00e9 sur la t\u00eate) se fraient un passage dans la foule. Des enfants en oublient un instant de manger leur glace qui fond.&nbsp;\u00bb \u201cTheyyam, danse sacr\u00e9e et mystique\u201d \u00ab&nbsp;Je suis encore v\u00eatu de mon dhoti et mon visage ne porte presque pas de maquillage. Les notes des thottams que nous chantons s\u2019\u00e9l\u00e8vent dans la nuit \u00e9toil\u00e9e. Ces chansons racontent les l\u00e9gendes des divinit\u00e9s que nous incarnons dans notre theyyam. Je me concentre sur Bhagawathi, je mets tout mon c\u0153ur dans ces chants que je lui adresse. Pourrai-je pleinement entrer en transe&nbsp;? La divinit\u00e9 prendra-t-elle possession de moi&nbsp;? Toute l\u2019ann\u00e9e, je suis un dalit, un basse caste, un moins que rien qu\u2019on ignore dans la rue, qu\u2019on croise avec d\u00e9gout. Mais, pendant les trois ou quatre mois de la saison des theyyam, je deviens un dieu devant lequel m\u00eame les plus grands brahmanes se prosternent. Je suis un theyyakkaran&nbsp;: pratiquer le theyyam est un droit dont j\u2019ai h\u00e9rit\u00e9 \u00e0 ma naissance.&nbsp;\u00bb Article en ligne<\/p>\n","protected":false},"author":2,"featured_media":0,"parent":1035,"menu_order":0,"comment_status":"closed","ping_status":"closed","template":"","meta":{"_uag_custom_page_level_css":"","footnotes":""},"class_list":["post-1226","page","type-page","status-publish","hentry"],"yoast_head":"<!-- This site is optimized with the Yoast SEO plugin v25.7 - https:\/\/yoast.com\/wordpress\/plugins\/seo\/ -->\n<title>REPORTAGES<\/title>\n<meta name=\"description\" content=\"\u00c9crivaine &amp; Photographe | Inde | Reportages cl\u00e9-en-main | Interview &amp; Recherche | Voyage photo | Chamayavilakku | Theyyam | Festivals\" \/>\n<meta name=\"robots\" content=\"index, follow, max-snippet:-1, max-image-preview:large, max-video-preview:-1\" \/>\n<link rel=\"canonical\" href=\"https:\/\/www.giulia-larigaldie.com\/en\/services\/photographie\/photographie\/reportages\/\" \/>\n<meta property=\"og:locale\" content=\"en_GB\" \/>\n<meta property=\"og:locale:alternate\" content=\"fr_FR\" \/>\n<meta property=\"og:locale:alternate\" content=\"de_DE\" \/>\n<meta property=\"og:type\" content=\"article\" \/>\n<meta property=\"og:title\" content=\"REPORTAGES\" \/>\n<meta property=\"og:description\" content=\"\u00c9crivaine &amp; Photographe | Inde | Reportages cl\u00e9-en-main | Interview &amp; Recherche | Voyage photo | Chamayavilakku | Theyyam | Festivals\" \/>\n<meta property=\"og:url\" content=\"https:\/\/www.giulia-larigaldie.com\/en\/services\/photographie\/photographie\/reportages\/\" \/>\n<meta property=\"og:site_name\" content=\"Giulia Larigaldie\" \/>\n<meta property=\"article:modified_time\" content=\"2020-02-20T18:26:13+00:00\" \/>\n<meta property=\"og:image\" content=\"https:\/\/www.giulia-larigaldie.com\/wp-content\/uploads\/2020\/01\/Screenshot-2020-01-27-at-17.22.29.png\" \/>\n<meta name=\"twitter:card\" content=\"summary_large_image\" \/>\n<meta name=\"twitter:label1\" content=\"Estimated reading time\" \/>\n\t<meta name=\"twitter:data1\" content=\"2 minutes\" \/>\n<script type=\"application\/ld+json\" class=\"yoast-schema-graph\">{\"@context\":\"https:\/\/schema.org\",\"@graph\":[{\"@type\":\"WebPage\",\"@id\":\"https:\/\/www.giulia-larigaldie.com\/services\/photographie\/photographie\/reportages\/\",\"url\":\"https:\/\/www.giulia-larigaldie.com\/services\/photographie\/photographie\/reportages\/\",\"name\":\"REPORTAGES\",\"isPartOf\":{\"@id\":\"https:\/\/www.giulia-larigaldie.com\/#website\"},\"primaryImageOfPage\":{\"@id\":\"https:\/\/www.giulia-larigaldie.com\/services\/photographie\/photographie\/reportages\/#primaryimage\"},\"image\":{\"@id\":\"https:\/\/www.giulia-larigaldie.com\/services\/photographie\/photographie\/reportages\/#primaryimage\"},\"thumbnailUrl\":\"https:\/\/www.giulia-larigaldie.com\/wp-content\/uploads\/2020\/01\/Screenshot-2020-01-27-at-17.22.29.png\",\"datePublished\":\"2020-01-27T15:27:50+00:00\",\"dateModified\":\"2020-02-20T18:26:13+00:00\",\"description\":\"\u00c9crivaine & Photographe | Inde | Reportages cl\u00e9-en-main | Interview & Recherche | Voyage photo | Chamayavilakku | Theyyam | Festivals\",\"breadcrumb\":{\"@id\":\"https:\/\/www.giulia-larigaldie.com\/services\/photographie\/photographie\/reportages\/#breadcrumb\"},\"inLanguage\":\"en-GB\",\"potentialAction\":[{\"@type\":\"ReadAction\",\"target\":[\"https:\/\/www.giulia-larigaldie.com\/services\/photographie\/photographie\/reportages\/\"]}]},{\"@type\":\"ImageObject\",\"inLanguage\":\"en-GB\",\"@id\":\"https:\/\/www.giulia-larigaldie.com\/services\/photographie\/photographie\/reportages\/#primaryimage\",\"url\":\"https:\/\/www.giulia-larigaldie.com\/wp-content\/uploads\/2020\/01\/Screenshot-2020-01-27-at-17.22.29.png\",\"contentUrl\":\"https:\/\/www.giulia-larigaldie.com\/wp-content\/uploads\/2020\/01\/Screenshot-2020-01-27-at-17.22.29.png\"},{\"@type\":\"BreadcrumbList\",\"@id\":\"https:\/\/www.giulia-larigaldie.com\/services\/photographie\/photographie\/reportages\/#breadcrumb\",\"itemListElement\":[{\"@type\":\"ListItem\",\"position\":1,\"name\":\"Accueil\",\"item\":\"https:\/\/www.giulia-larigaldie.com\/\"},{\"@type\":\"ListItem\",\"position\":2,\"name\":\"SERVICES\",\"item\":\"https:\/\/www.giulia-larigaldie.com\/services\/\"},{\"@type\":\"ListItem\",\"position\":3,\"name\":\"PHOTOGRAPHIE\",\"item\":\"https:\/\/www.giulia-larigaldie.com\/services\/photographie\/\"},{\"@type\":\"ListItem\",\"position\":4,\"name\":\"PHOTOGRAPHIE\",\"item\":\"https:\/\/www.giulia-larigaldie.com\/services\/photographie\/photographie\/\"},{\"@type\":\"ListItem\",\"position\":5,\"name\":\"REPORTAGES\"}]},{\"@type\":\"WebSite\",\"@id\":\"https:\/\/www.giulia-larigaldie.com\/#website\",\"url\":\"https:\/\/www.giulia-larigaldie.com\/\",\"name\":\"Giulia Larigaldie\",\"description\":\"\u00c9criture & photographie\",\"publisher\":{\"@id\":\"https:\/\/www.giulia-larigaldie.com\/#organization\"},\"potentialAction\":[{\"@type\":\"SearchAction\",\"target\":{\"@type\":\"EntryPoint\",\"urlTemplate\":\"https:\/\/www.giulia-larigaldie.com\/?s={search_term_string}\"},\"query-input\":{\"@type\":\"PropertyValueSpecification\",\"valueRequired\":true,\"valueName\":\"search_term_string\"}}],\"inLanguage\":\"en-GB\"},{\"@type\":\"Organization\",\"@id\":\"https:\/\/www.giulia-larigaldie.com\/#organization\",\"name\":\"Giulia Larigaldie\",\"url\":\"https:\/\/www.giulia-larigaldie.com\/\",\"logo\":{\"@type\":\"ImageObject\",\"inLanguage\":\"en-GB\",\"@id\":\"https:\/\/www.giulia-larigaldie.com\/#\/schema\/logo\/image\/\",\"url\":\"https:\/\/www.giulia-larigaldie.com\/wp-content\/uploads\/2020\/01\/cropped-logo-tres-petit-1.png\",\"contentUrl\":\"https:\/\/www.giulia-larigaldie.com\/wp-content\/uploads\/2020\/01\/cropped-logo-tres-petit-1.png\",\"width\":485,\"height\":216,\"caption\":\"Giulia Larigaldie\"},\"image\":{\"@id\":\"https:\/\/www.giulia-larigaldie.com\/#\/schema\/logo\/image\/\"}}]}<\/script>\n<!-- \/ Yoast SEO plugin. -->","yoast_head_json":{"title":"REPORTAGES","description":"\u00c9crivaine & Photographe | Inde | Reportages cl\u00e9-en-main | Interview & Recherche | Voyage photo | Chamayavilakku | Theyyam | Festivals","robots":{"index":"index","follow":"follow","max-snippet":"max-snippet:-1","max-image-preview":"max-image-preview:large","max-video-preview":"max-video-preview:-1"},"canonical":"https:\/\/www.giulia-larigaldie.com\/en\/services\/photographie\/photographie\/reportages\/","og_locale":"en_GB","og_type":"article","og_title":"[:fr]REPORTAGES[:] - Giulia Larigaldie - \u00c9criture & Photographie","og_description":"\u00c9crivaine & Photographe | Inde | Reportages cl\u00e9-en-main | Interview & Recherche | Voyage photo | Chamayavilakku | Theyyam | Festivals","og_url":"https:\/\/www.giulia-larigaldie.com\/en\/services\/photographie\/photographie\/reportages\/","og_site_name":"Giulia Larigaldie","article_modified_time":"2020-02-20T18:26:13+00:00","og_image":[{"url":"https:\/\/www.giulia-larigaldie.com\/wp-content\/uploads\/2020\/01\/Screenshot-2020-01-27-at-17.22.29.png","type":"","width":"","height":""}],"twitter_card":"summary_large_image","twitter_misc":{"Estimated reading time":"2 minutes"},"schema":{"@context":"https:\/\/schema.org","@graph":[{"@type":"WebPage","@id":"https:\/\/www.giulia-larigaldie.com\/services\/photographie\/photographie\/reportages\/","url":"https:\/\/www.giulia-larigaldie.com\/services\/photographie\/photographie\/reportages\/","name":"REPORTAGES","isPartOf":{"@id":"https:\/\/www.giulia-larigaldie.com\/#website"},"primaryImageOfPage":{"@id":"https:\/\/www.giulia-larigaldie.com\/services\/photographie\/photographie\/reportages\/#primaryimage"},"image":{"@id":"https:\/\/www.giulia-larigaldie.com\/services\/photographie\/photographie\/reportages\/#primaryimage"},"thumbnailUrl":"https:\/\/www.giulia-larigaldie.com\/wp-content\/uploads\/2020\/01\/Screenshot-2020-01-27-at-17.22.29.png","datePublished":"2020-01-27T15:27:50+00:00","dateModified":"2020-02-20T18:26:13+00:00","description":"\u00c9crivaine & Photographe | Inde | Reportages cl\u00e9-en-main | Interview & Recherche | Voyage photo | Chamayavilakku | Theyyam | Festivals","breadcrumb":{"@id":"https:\/\/www.giulia-larigaldie.com\/services\/photographie\/photographie\/reportages\/#breadcrumb"},"inLanguage":"en-GB","potentialAction":[{"@type":"ReadAction","target":["https:\/\/www.giulia-larigaldie.com\/services\/photographie\/photographie\/reportages\/"]}]},{"@type":"ImageObject","inLanguage":"en-GB","@id":"https:\/\/www.giulia-larigaldie.com\/services\/photographie\/photographie\/reportages\/#primaryimage","url":"https:\/\/www.giulia-larigaldie.com\/wp-content\/uploads\/2020\/01\/Screenshot-2020-01-27-at-17.22.29.png","contentUrl":"https:\/\/www.giulia-larigaldie.com\/wp-content\/uploads\/2020\/01\/Screenshot-2020-01-27-at-17.22.29.png"},{"@type":"BreadcrumbList","@id":"https:\/\/www.giulia-larigaldie.com\/services\/photographie\/photographie\/reportages\/#breadcrumb","itemListElement":[{"@type":"ListItem","position":1,"name":"Accueil","item":"https:\/\/www.giulia-larigaldie.com\/"},{"@type":"ListItem","position":2,"name":"SERVICES","item":"https:\/\/www.giulia-larigaldie.com\/services\/"},{"@type":"ListItem","position":3,"name":"PHOTOGRAPHIE","item":"https:\/\/www.giulia-larigaldie.com\/services\/photographie\/"},{"@type":"ListItem","position":4,"name":"PHOTOGRAPHIE","item":"https:\/\/www.giulia-larigaldie.com\/services\/photographie\/photographie\/"},{"@type":"ListItem","position":5,"name":"REPORTAGES"}]},{"@type":"WebSite","@id":"https:\/\/www.giulia-larigaldie.com\/#website","url":"https:\/\/www.giulia-larigaldie.com\/","name":"Giulia Larigaldie","description":"\u00c9criture & photographie","publisher":{"@id":"https:\/\/www.giulia-larigaldie.com\/#organization"},"potentialAction":[{"@type":"SearchAction","target":{"@type":"EntryPoint","urlTemplate":"https:\/\/www.giulia-larigaldie.com\/?s={search_term_string}"},"query-input":{"@type":"PropertyValueSpecification","valueRequired":true,"valueName":"search_term_string"}}],"inLanguage":"en-GB"},{"@type":"Organization","@id":"https:\/\/www.giulia-larigaldie.com\/#organization","name":"Giulia Larigaldie","url":"https:\/\/www.giulia-larigaldie.com\/","logo":{"@type":"ImageObject","inLanguage":"en-GB","@id":"https:\/\/www.giulia-larigaldie.com\/#\/schema\/logo\/image\/","url":"https:\/\/www.giulia-larigaldie.com\/wp-content\/uploads\/2020\/01\/cropped-logo-tres-petit-1.png","contentUrl":"https:\/\/www.giulia-larigaldie.com\/wp-content\/uploads\/2020\/01\/cropped-logo-tres-petit-1.png","width":485,"height":216,"caption":"Giulia Larigaldie"},"image":{"@id":"https:\/\/www.giulia-larigaldie.com\/#\/schema\/logo\/image\/"}}]}},"uagb_featured_image_src":{"full":false,"thumbnail":false,"medium":false,"medium_large":false,"large":false,"1536x1536":false,"2048x2048":false,"bard-slider-grid-thumbnail":false,"bard-full-thumbnail":false,"bard-grid-thumbnail":false,"bard-list-thumbnail":false,"bard-single-navigation":false},"uagb_author_info":{"display_name":"Giulia Larigaldie","author_link":"https:\/\/www.giulia-larigaldie.com\/en\/author\/giulia\/"},"uagb_comment_info":0,"uagb_excerpt":"&#8220;Chamayavilakku, \u00e9clairer notre part de f\u00e9minit\u00e9&nbsp;\u00bb \u00ab&nbsp;L\u2019air de la nuit est doux et charg\u00e9 d\u2019humidit\u00e9. Le premier quartier de lune fait p\u00e2le figure \u00e0 c\u00f4t\u00e9 des lumi\u00e8res multicolores qui illuminent le grand terre-plein herbeux, noir de monde. L\u2019atmosph\u00e8re est festive. Des vendeurs de cacahu\u00e8tes grill\u00e9es s\u2019affairent de toute part, des bouquets de ballons o\u00f9 la&hellip;","acf":[],"_links":{"self":[{"href":"https:\/\/www.giulia-larigaldie.com\/en\/wp-json\/wp\/v2\/pages\/1226","targetHints":{"allow":["GET"]}}],"collection":[{"href":"https:\/\/www.giulia-larigaldie.com\/en\/wp-json\/wp\/v2\/pages"}],"about":[{"href":"https:\/\/www.giulia-larigaldie.com\/en\/wp-json\/wp\/v2\/types\/page"}],"author":[{"embeddable":true,"href":"https:\/\/www.giulia-larigaldie.com\/en\/wp-json\/wp\/v2\/users\/2"}],"replies":[{"embeddable":true,"href":"https:\/\/www.giulia-larigaldie.com\/en\/wp-json\/wp\/v2\/comments?post=1226"}],"version-history":[{"count":14,"href":"https:\/\/www.giulia-larigaldie.com\/en\/wp-json\/wp\/v2\/pages\/1226\/revisions"}],"predecessor-version":[{"id":1751,"href":"https:\/\/www.giulia-larigaldie.com\/en\/wp-json\/wp\/v2\/pages\/1226\/revisions\/1751"}],"up":[{"embeddable":true,"href":"https:\/\/www.giulia-larigaldie.com\/en\/wp-json\/wp\/v2\/pages\/1035"}],"wp:attachment":[{"href":"https:\/\/www.giulia-larigaldie.com\/en\/wp-json\/wp\/v2\/media?parent=1226"}],"curies":[{"name":"wp","href":"https:\/\/api.w.org\/{rel}","templated":true}]}}