{"id":1286,"date":"2020-01-27T18:27:14","date_gmt":"2020-01-27T17:27:14","guid":{"rendered":"https:\/\/www.giulia-larigaldie.com\/?page_id=1286"},"modified":"2025-08-19T12:58:52","modified_gmt":"2025-08-19T10:58:52","slug":"giulia","status":"publish","type":"page","link":"https:\/\/www.giulia-larigaldie.com\/en\/giulia\/","title":{"rendered":"GIULIA"},"content":{"rendered":"\n<div class=\"wp-block-group\"><div class=\"wp-block-group__inner-container is-layout-flow wp-block-group-is-layout-flow\">\n<h6 class=\"wp-block-heading\">Enfance<\/h6>\n\n\n\n<p>Je suis n\u00e9e en France au bord du lac L\u00e9man. J\u2019ai grandi dans une r\u00e9gion o\u00f9 lacs et montagnes rivalisent de beaut\u00e9 et se r\u00e9inventent chaque jour au gr\u00e9 des lumi\u00e8res et des cieux changeants.<\/p>\n\n\n\n<p>Mon dipl\u00f4me d\u2019\u00c9cole de Commerce en poche, j&#8217;ai d\u00e9j\u00e0 le go\u00fbt des voyages.  J&#8217;ai travaill\u00e9 pendant quinze ans dans l\u2019univers du luxe, entre la France, le Canada et l\u2019Espagne. Le marketing, le lancement de collections et l\u2019image de marque \u00e9taient mes terrains de pr\u00e9dilection. Au fil de ces ann\u00e9es, mon sens de l\u2019esth\u00e9tique et mon go\u00fbt pour la qualit\u00e9 se sont renforc\u00e9s.<\/p>\n\n\n\n<h6 class=\"wp-block-heading\">\u00c9criture<\/h6>\n\n\n\n<p>Puis je profite d\u2019un grand virage dans ma vie pour me lancer un nouveau d\u00e9fi&nbsp;: l\u2019<strong><a href=\"https:\/\/www.giulia-larigaldie.com\/ecriture\">\u00e9criture<\/a><\/strong>. Je commence en Angleterre \u00ab&nbsp;<strong><a href=\"https:\/\/www.amazon.fr\/Fractionn%C3%A9s-vies-baskets-beaucoup-lamiti%C3%A9-ebook\/dp\/B013VA92RM\/ref=sr_1_1?__mk_fr_FR=%C3%85M%C3%85%C5%BD%C3%95%C3%91&#038;keywords=fractionn%C3%A9s+de+vies&#038;qid=1574268551&#038;sr=8-1\" target=\"_blank\" rel=\"noreferrer noopener\">Fractionn\u00e9s de vies<\/a><\/strong>&nbsp;\u00bb, mon premier&nbsp;<strong><a href=\"https:\/\/www.giulia-larigaldie.com\/romans\">roman<\/a><\/strong>. Je l&#8217;auto-publie par Amazon Kindle en 2015 sous le nom de plume Giulia Larigaldie. Je l&#8217;inscris fin 2020 sur la plateforme <a href=\"https:\/\/www.librinova.com\/\"><strong>Librinova<\/strong><\/a>, o\u00f9 il sera rep\u00e9r\u00e9 dans le cadre de leur Grand Prix des \u00c9toiles. Le 1er avril 2021, je signe un contrat pour sa publication avec les <strong><a href=\"https:\/\/editions-jouvence.com\/livre\/et-la-vie-reprit-a-petites-foulees\/\">\u00c9ditions Jouvence<\/a><\/strong>. Nouveau titre, nouvelle couverture : &#8220;<strong><a href=\"https:\/\/www.giulia-larigaldie.com\/ecriture\/romans\/\">Et la vie reprit \u00e0 petites foul\u00e9es<\/a><\/strong>&#8221; est disponible dans les librairies depuis le 17\/08\/2021. Il est maintenant publi\u00e9 par Le Livre de poche depuis le 26 avril 2023.<\/p>\n\n\n\n<p>Cette exp\u00e9rience me comblera : Giulia Larigaldie fait maintenant partie de ma vie. Je me suis donc attel\u00e9e \u00e0 la r\u00e9daction d\u2019un second roman, <a href=\"https:\/\/www.giulia-larigaldie.com\/ecriture\/romans\/\">&#8220;Les confidences de Shalamar&#8221;<\/a>, disponible en e-book depuis le 20 f\u00e9vrier 2023. J&#8217;\u00e9cris maintenant le troisi\u00e8me et j&#8217;ai h\u00e2te de pouvoir vous en dire plus !<\/p>\n\n\n\n<p> J&#8217;aime d\u00e9peindre ces h\u00e9ros discrets de notre quotidien&nbsp;: des personnes ordinaires qui se d\u00e9battent chaque jour pour mener leur vie au mieux, et ce malgr\u00e9 les emb\u00fbches qui jalonnent leur route.<\/p>\n\n\n\n<p>En 2014, commence une nouvelle aventure en Cor\u00e9e du Sud. Pendant deux ans, j&#8217;\u00e9cris pour le Magazine \u00ab&nbsp;<strong><a rel=\"noreferrer noopener\" href=\"https:\/\/www.seoulaccueil.com\/petit-echotier\/\" target=\"_blank\">Le petit \u00c9chotier<\/a><\/strong>&nbsp;\u00bb (magazine des francophones en Cor\u00e9e), o\u00f9 je publie des&nbsp;<strong><a href=\"https:\/\/www.giulia-larigaldie.com\/ecriture\/articles\/\">articles<\/a><\/strong>&nbsp;et des&nbsp;<strong><a href=\"https:\/\/www.giulia-larigaldie.com\/ecriture\/interviews\/\">interviews<\/a><\/strong>. Je m\u2019int\u00e9resse autant aux personnages de lumi\u00e8re (Pierre Gagnaire, Pierre Lemaitre, Annie Cohen-Solal, Ulla Reimer, Gontran Cherrier) qu\u2019aux gens de l\u2019ombre, inconnus du grand public. Mais ces portraits sont toujours bross\u00e9s avec une grande profondeur de champ. En effet, cela  permet d&#8217;int\u00e9grer le contexte sp\u00e9cifique dans lequel \u00e9volue chaque interlocuteur.<\/p>\n\n\n\n<h6 class=\"wp-block-heading\">Photographie<\/h6>\n\n\n\n<p>En 2016, apr\u00e8s S\u00e9oul, cap vers New Delhi en Inde ! Ce sont alors des portraits de diff\u00e9rente nature. \u00c0 travers la&nbsp;<strong><a href=\"https:\/\/www.giulia-larigaldie.com\/photographie\/\">photographie<\/a><\/strong>, je souhaite \u00e9clairer des instants de vie, des parcours, des \u00e2mes, des villes\u2026 J\u2019affectionne particuli\u00e8rement les d\u00e9tails qui apportent du contraste \u00e0 une fresque, les petites cicatrices qui racontent une histoire unique. J\u2019essaie de saisir les regards vol\u00e9s, les rires spontan\u00e9s, les instants de complicit\u00e9.<\/p>\n\n\n\n<p>La d\u00e9marche est toujours la m\u00eame&nbsp;: l\u2019\u00e9criture et la photographie sont pour moi des outils permettant de mieux comprendre le monde qui nous entoure.<\/p>\n\n\n\n<p>Je publie deux&nbsp;<strong><a href=\"https:\/\/www.giulia-larigaldie.com\/photgraphie\/reportages\/\">photo-reportages<\/a><\/strong>&nbsp;pour le&nbsp;<strong><a rel=\"noreferrer noopener\" href=\"https:\/\/mediaindia.eu\/magazine\/indes\/\" target=\"_blank\">magazine Indes<\/a><\/strong>, dont un&nbsp;<strong><a rel=\"noreferrer noopener\" href=\"https:\/\/mediaindia.eu\/culture\/theyyam\/\" target=\"_blank\">disponible sur la version en ligne du magazine<\/a><\/strong><a href=\"https:\/\/mediaindia.eu\/culture\/theyyam\/\"><strong>.<\/strong><\/a><\/p>\n<\/div><\/div>\n\n\n\n<div style=\"height:50px\" aria-hidden=\"true\" class=\"wp-block-spacer\"><\/div>\n\n\n\n<h5 class=\"wp-block-heading\"><strong>Capturer la beaut\u00e9 pour mieux la partager<\/strong><\/h5>\n\n\n\n<div class=\"wp-block-media-text alignwide is-stacked-on-mobile is-vertically-aligned-bottom is-image-fill-element\" style=\"grid-template-columns:54% auto\"><figure class=\"wp-block-media-text__media\"><img loading=\"lazy\" decoding=\"async\" width=\"684\" height=\"1024\" src=\"https:\/\/www.giulia-larigaldie.com\/wp-content\/uploads\/2025\/08\/Portraits-GL-2025-07-5937-684x1024.jpg\" alt=\"\" class=\"wp-image-3127 size-full\" style=\"object-position:50% 50%\" srcset=\"https:\/\/www.giulia-larigaldie.com\/wp-content\/uploads\/2025\/08\/Portraits-GL-2025-07-5937-684x1024.jpg 684w, https:\/\/www.giulia-larigaldie.com\/wp-content\/uploads\/2025\/08\/Portraits-GL-2025-07-5937-200x300.jpg 200w, https:\/\/www.giulia-larigaldie.com\/wp-content\/uploads\/2025\/08\/Portraits-GL-2025-07-5937-768x1150.jpg 768w, https:\/\/www.giulia-larigaldie.com\/wp-content\/uploads\/2025\/08\/Portraits-GL-2025-07-5937-1025x1536.jpg 1025w, https:\/\/www.giulia-larigaldie.com\/wp-content\/uploads\/2025\/08\/Portraits-GL-2025-07-5937-1367x2048.jpg 1367w, https:\/\/www.giulia-larigaldie.com\/wp-content\/uploads\/2025\/08\/Portraits-GL-2025-07-5937-1000x1498.jpg 1000w, https:\/\/www.giulia-larigaldie.com\/wp-content\/uploads\/2025\/08\/Portraits-GL-2025-07-5937-scaled.jpg 1709w\" sizes=\"auto, (max-width: 684px) 100vw, 684px\" \/><\/figure><div class=\"wp-block-media-text__content\">\n<p>Je suis install\u00e9e durablement en Allemagne depuis 2018. <\/p>\n\n\n\n<p>Forte des comp\u00e9tences acquises dans l\u2019univers du luxe, puis de mon exp\u00e9rience en \u00e9criture et photographie, je souhaite d\u00e9sormais mettre ma passion et mon exp\u00e9rience au service d\u2019entreprises et de particuliers. <\/p>\n\n\n\n<p>Textes et photos pour un site internet ou un magazine, cr\u00e9ation de <a href=\"https:\/\/www.giulia-larigaldie.com\/services\/biographie\/\"><strong>biographies<\/strong><\/a> d\u2019entreprises ou de personnes, <a href=\"https:\/\/www.giulia-larigaldie.com\/services\/livre-memoire\/\"><strong>livre-m\u00e9moire<\/strong><\/a>, articles et reportages pour la presse\u2026 <\/p>\n\n\n\n<p>Mes valeurs&nbsp;: ouverture et partage, engagement et \u00e9thique de travail, empathie et bienveillance. <\/p>\n<\/div><\/div>\n","protected":false},"excerpt":{"rendered":"<p>Enfance Je suis n\u00e9e en France au bord du lac L\u00e9man. J\u2019ai grandi dans une r\u00e9gion o\u00f9 lacs et montagnes rivalisent de beaut\u00e9 et se r\u00e9inventent chaque jour au gr\u00e9 des lumi\u00e8res et des cieux changeants. Mon dipl\u00f4me d\u2019\u00c9cole de Commerce en poche, j&#8217;ai d\u00e9j\u00e0 le go\u00fbt des voyages. J&#8217;ai travaill\u00e9 pendant quinze ans dans l\u2019univers du luxe, entre la France, le Canada et l\u2019Espagne. Le marketing, le lancement de collections et l\u2019image de marque \u00e9taient mes terrains de pr\u00e9dilection. Au fil de ces ann\u00e9es, mon sens de l\u2019esth\u00e9tique et mon go\u00fbt pour la qualit\u00e9 se sont renforc\u00e9s. \u00c9criture Puis je profite d\u2019un grand virage dans ma vie pour me lancer un nouveau d\u00e9fi&nbsp;: l\u2019\u00e9criture. Je commence en Angleterre \u00ab&nbsp;Fractionn\u00e9s de vies&nbsp;\u00bb, mon premier&nbsp;roman. Je l&#8217;auto-publie par Amazon Kindle en 2015 sous le nom de plume Giulia Larigaldie. Je l&#8217;inscris fin 2020 sur la plateforme Librinova, o\u00f9 il sera rep\u00e9r\u00e9 dans le cadre de leur Grand Prix des \u00c9toiles. Le 1er avril 2021, je signe un contrat pour sa publication avec les \u00c9ditions Jouvence. Nouveau titre, nouvelle couverture : &#8220;Et la vie reprit \u00e0 petites foul\u00e9es&#8221; est disponible dans les librairies depuis le 17\/08\/2021. Il est maintenant publi\u00e9 par Le Livre de poche depuis le 26 avril 2023. Cette exp\u00e9rience me comblera : Giulia Larigaldie fait maintenant partie de ma vie. Je me suis donc attel\u00e9e \u00e0 la r\u00e9daction d\u2019un second roman, &#8220;Les confidences de Shalamar&#8221;, disponible en e-book depuis le 20 f\u00e9vrier 2023. J&#8217;\u00e9cris maintenant le troisi\u00e8me et j&#8217;ai h\u00e2te de pouvoir vous en dire plus ! J&#8217;aime d\u00e9peindre ces h\u00e9ros discrets de notre quotidien&nbsp;: des personnes ordinaires qui se d\u00e9battent chaque jour pour mener leur vie au mieux, et ce malgr\u00e9 les emb\u00fbches qui jalonnent leur route. En 2014, commence une nouvelle aventure en Cor\u00e9e du Sud. Pendant deux ans, j&#8217;\u00e9cris pour le Magazine \u00ab&nbsp;Le petit \u00c9chotier&nbsp;\u00bb (magazine des francophones en Cor\u00e9e), o\u00f9 je publie des&nbsp;articles&nbsp;et des&nbsp;interviews. Je m\u2019int\u00e9resse autant aux personnages de lumi\u00e8re (Pierre Gagnaire, Pierre Lemaitre, Annie Cohen-Solal, Ulla Reimer, Gontran Cherrier) qu\u2019aux gens de l\u2019ombre, inconnus du grand public. Mais ces portraits sont toujours bross\u00e9s avec une grande profondeur de champ. En effet, cela permet d&#8217;int\u00e9grer le contexte sp\u00e9cifique dans lequel \u00e9volue chaque interlocuteur. Photographie En 2016, apr\u00e8s S\u00e9oul, cap vers New Delhi en Inde ! Ce sont alors des portraits de diff\u00e9rente nature. \u00c0 travers la&nbsp;photographie, je souhaite \u00e9clairer des instants de vie, des parcours, des \u00e2mes, des villes\u2026 J\u2019affectionne particuli\u00e8rement les d\u00e9tails qui apportent du contraste \u00e0 une fresque, les petites cicatrices qui racontent une histoire unique. J\u2019essaie de saisir les regards vol\u00e9s, les rires spontan\u00e9s, les instants de complicit\u00e9. La d\u00e9marche est toujours la m\u00eame&nbsp;: l\u2019\u00e9criture et la photographie sont pour moi des outils permettant de mieux comprendre le monde qui nous entoure. Je publie deux&nbsp;photo-reportages&nbsp;pour le&nbsp;magazine Indes, dont un&nbsp;disponible sur la version en ligne du magazine. Capturer la beaut\u00e9 pour mieux la partager Je suis install\u00e9e durablement en Allemagne depuis 2018. Forte des comp\u00e9tences acquises dans l\u2019univers du luxe, puis de mon exp\u00e9rience en \u00e9criture et photographie, je souhaite d\u00e9sormais mettre ma passion et mon exp\u00e9rience au service d\u2019entreprises et de particuliers. Textes et photos pour un site internet ou un magazine, cr\u00e9ation de biographies d\u2019entreprises ou de personnes, livre-m\u00e9moire, articles et reportages pour la presse\u2026 Mes valeurs&nbsp;: ouverture et partage, engagement et \u00e9thique de travail, empathie et bienveillance.<\/p>\n","protected":false},"author":2,"featured_media":0,"parent":0,"menu_order":0,"comment_status":"closed","ping_status":"closed","template":"","meta":{"_uag_custom_page_level_css":"","footnotes":""},"class_list":["post-1286","page","type-page","status-publish","hentry"],"yoast_head":"<!-- This site is optimized with the Yoast SEO plugin v25.7 - https:\/\/yoast.com\/wordpress\/plugins\/seo\/ -->\n<title>GIULIA<\/title>\n<meta name=\"description\" content=\"\u00c9crivaine &amp; Photographe | 15 ans d&#039;exp\u00e9rience en Marketing dans l&#039;industrie du luxe | Sens de la qualit\u00e9 | Image de marque | Travail sur mesure\" \/>\n<meta name=\"robots\" content=\"index, follow, max-snippet:-1, max-image-preview:large, max-video-preview:-1\" \/>\n<link rel=\"canonical\" href=\"https:\/\/www.giulia-larigaldie.com\/en\/giulia\/\" \/>\n<meta property=\"og:locale\" content=\"en_GB\" \/>\n<meta property=\"og:locale:alternate\" content=\"fr_FR\" \/>\n<meta property=\"og:locale:alternate\" content=\"de_DE\" \/>\n<meta property=\"og:type\" content=\"article\" \/>\n<meta property=\"og:title\" content=\"GIULIA\" \/>\n<meta property=\"og:description\" content=\"\u00c9crivaine &amp; Photographe | 15 ans d&#039;exp\u00e9rience en Marketing dans l&#039;industrie du luxe | Sens de la qualit\u00e9 | Image de marque | Travail sur mesure\" \/>\n<meta property=\"og:url\" content=\"https:\/\/www.giulia-larigaldie.com\/en\/giulia\/\" \/>\n<meta property=\"og:site_name\" content=\"Giulia Larigaldie\" \/>\n<meta property=\"article:modified_time\" content=\"2025-08-19T10:58:52+00:00\" \/>\n<meta property=\"og:image\" content=\"https:\/\/www.giulia-larigaldie.com\/wp-content\/uploads\/2025\/08\/Portraits-GL-2025-07-5937-684x1024.jpg\" \/>\n<meta name=\"twitter:card\" content=\"summary_large_image\" \/>\n<meta name=\"twitter:label1\" content=\"Estimated reading time\" \/>\n\t<meta name=\"twitter:data1\" content=\"4 minutes\" \/>\n<script type=\"application\/ld+json\" class=\"yoast-schema-graph\">{\"@context\":\"https:\/\/schema.org\",\"@graph\":[{\"@type\":\"WebPage\",\"@id\":\"https:\/\/www.giulia-larigaldie.com\/giulia\/\",\"url\":\"https:\/\/www.giulia-larigaldie.com\/giulia\/\",\"name\":\"GIULIA\",\"isPartOf\":{\"@id\":\"https:\/\/www.giulia-larigaldie.com\/#website\"},\"primaryImageOfPage\":{\"@id\":\"https:\/\/www.giulia-larigaldie.com\/giulia\/#primaryimage\"},\"image\":{\"@id\":\"https:\/\/www.giulia-larigaldie.com\/giulia\/#primaryimage\"},\"thumbnailUrl\":\"https:\/\/www.giulia-larigaldie.com\/wp-content\/uploads\/2025\/08\/Portraits-GL-2025-07-5937-684x1024.jpg\",\"datePublished\":\"2020-01-27T17:27:14+00:00\",\"dateModified\":\"2025-08-19T10:58:52+00:00\",\"description\":\"\u00c9crivaine & Photographe | 15 ans d'exp\u00e9rience en Marketing dans l'industrie du luxe | Sens de la qualit\u00e9 | Image de marque | Travail sur mesure\",\"breadcrumb\":{\"@id\":\"https:\/\/www.giulia-larigaldie.com\/giulia\/#breadcrumb\"},\"inLanguage\":\"en-GB\",\"potentialAction\":[{\"@type\":\"ReadAction\",\"target\":[\"https:\/\/www.giulia-larigaldie.com\/giulia\/\"]}]},{\"@type\":\"ImageObject\",\"inLanguage\":\"en-GB\",\"@id\":\"https:\/\/www.giulia-larigaldie.com\/giulia\/#primaryimage\",\"url\":\"https:\/\/www.giulia-larigaldie.com\/wp-content\/uploads\/2025\/08\/Portraits-GL-2025-07-5937-684x1024.jpg\",\"contentUrl\":\"https:\/\/www.giulia-larigaldie.com\/wp-content\/uploads\/2025\/08\/Portraits-GL-2025-07-5937-684x1024.jpg\"},{\"@type\":\"BreadcrumbList\",\"@id\":\"https:\/\/www.giulia-larigaldie.com\/giulia\/#breadcrumb\",\"itemListElement\":[{\"@type\":\"ListItem\",\"position\":1,\"name\":\"Accueil\",\"item\":\"https:\/\/www.giulia-larigaldie.com\/\"},{\"@type\":\"ListItem\",\"position\":2,\"name\":\"GIULIA\"}]},{\"@type\":\"WebSite\",\"@id\":\"https:\/\/www.giulia-larigaldie.com\/#website\",\"url\":\"https:\/\/www.giulia-larigaldie.com\/\",\"name\":\"Giulia Larigaldie\",\"description\":\"\u00c9criture & photographie\",\"publisher\":{\"@id\":\"https:\/\/www.giulia-larigaldie.com\/#organization\"},\"potentialAction\":[{\"@type\":\"SearchAction\",\"target\":{\"@type\":\"EntryPoint\",\"urlTemplate\":\"https:\/\/www.giulia-larigaldie.com\/?s={search_term_string}\"},\"query-input\":{\"@type\":\"PropertyValueSpecification\",\"valueRequired\":true,\"valueName\":\"search_term_string\"}}],\"inLanguage\":\"en-GB\"},{\"@type\":\"Organization\",\"@id\":\"https:\/\/www.giulia-larigaldie.com\/#organization\",\"name\":\"Giulia Larigaldie\",\"url\":\"https:\/\/www.giulia-larigaldie.com\/\",\"logo\":{\"@type\":\"ImageObject\",\"inLanguage\":\"en-GB\",\"@id\":\"https:\/\/www.giulia-larigaldie.com\/#\/schema\/logo\/image\/\",\"url\":\"https:\/\/www.giulia-larigaldie.com\/wp-content\/uploads\/2020\/01\/cropped-logo-tres-petit-1.png\",\"contentUrl\":\"https:\/\/www.giulia-larigaldie.com\/wp-content\/uploads\/2020\/01\/cropped-logo-tres-petit-1.png\",\"width\":485,\"height\":216,\"caption\":\"Giulia Larigaldie\"},\"image\":{\"@id\":\"https:\/\/www.giulia-larigaldie.com\/#\/schema\/logo\/image\/\"}}]}<\/script>\n<!-- \/ Yoast SEO plugin. -->","yoast_head_json":{"title":"GIULIA","description":"\u00c9crivaine & Photographe | 15 ans d'exp\u00e9rience en Marketing dans l'industrie du luxe | Sens de la qualit\u00e9 | Image de marque | Travail sur mesure","robots":{"index":"index","follow":"follow","max-snippet":"max-snippet:-1","max-image-preview":"max-image-preview:large","max-video-preview":"max-video-preview:-1"},"canonical":"https:\/\/www.giulia-larigaldie.com\/en\/giulia\/","og_locale":"en_GB","og_type":"article","og_title":"[:fr][:fr]GIULIA[:] - Giulia Larigaldie - \u00c9criture & Photographie[:]","og_description":"[:fr]\u00c9crivaine & Photographe | 15 ans d'exp\u00e9rience en Marketing dans l'industrie du luxe | Sens de la qualit\u00e9 | Image de marque | Travail sur mesure[:]","og_url":"https:\/\/www.giulia-larigaldie.com\/en\/giulia\/","og_site_name":"Giulia Larigaldie","article_modified_time":"2025-08-19T10:58:52+00:00","og_image":[{"url":"https:\/\/www.giulia-larigaldie.com\/wp-content\/uploads\/2025\/08\/Portraits-GL-2025-07-5937-684x1024.jpg","type":"","width":"","height":""}],"twitter_card":"summary_large_image","twitter_misc":{"Estimated reading time":"4 minutes"},"schema":{"@context":"https:\/\/schema.org","@graph":[{"@type":"WebPage","@id":"https:\/\/www.giulia-larigaldie.com\/giulia\/","url":"https:\/\/www.giulia-larigaldie.com\/giulia\/","name":"GIULIA","isPartOf":{"@id":"https:\/\/www.giulia-larigaldie.com\/#website"},"primaryImageOfPage":{"@id":"https:\/\/www.giulia-larigaldie.com\/giulia\/#primaryimage"},"image":{"@id":"https:\/\/www.giulia-larigaldie.com\/giulia\/#primaryimage"},"thumbnailUrl":"https:\/\/www.giulia-larigaldie.com\/wp-content\/uploads\/2025\/08\/Portraits-GL-2025-07-5937-684x1024.jpg","datePublished":"2020-01-27T17:27:14+00:00","dateModified":"2025-08-19T10:58:52+00:00","description":"\u00c9crivaine & Photographe | 15 ans d'exp\u00e9rience en Marketing dans l'industrie du luxe | Sens de la qualit\u00e9 | Image de marque | Travail sur mesure","breadcrumb":{"@id":"https:\/\/www.giulia-larigaldie.com\/giulia\/#breadcrumb"},"inLanguage":"en-GB","potentialAction":[{"@type":"ReadAction","target":["https:\/\/www.giulia-larigaldie.com\/giulia\/"]}]},{"@type":"ImageObject","inLanguage":"en-GB","@id":"https:\/\/www.giulia-larigaldie.com\/giulia\/#primaryimage","url":"https:\/\/www.giulia-larigaldie.com\/wp-content\/uploads\/2025\/08\/Portraits-GL-2025-07-5937-684x1024.jpg","contentUrl":"https:\/\/www.giulia-larigaldie.com\/wp-content\/uploads\/2025\/08\/Portraits-GL-2025-07-5937-684x1024.jpg"},{"@type":"BreadcrumbList","@id":"https:\/\/www.giulia-larigaldie.com\/giulia\/#breadcrumb","itemListElement":[{"@type":"ListItem","position":1,"name":"Accueil","item":"https:\/\/www.giulia-larigaldie.com\/"},{"@type":"ListItem","position":2,"name":"GIULIA"}]},{"@type":"WebSite","@id":"https:\/\/www.giulia-larigaldie.com\/#website","url":"https:\/\/www.giulia-larigaldie.com\/","name":"Giulia Larigaldie","description":"\u00c9criture & photographie","publisher":{"@id":"https:\/\/www.giulia-larigaldie.com\/#organization"},"potentialAction":[{"@type":"SearchAction","target":{"@type":"EntryPoint","urlTemplate":"https:\/\/www.giulia-larigaldie.com\/?s={search_term_string}"},"query-input":{"@type":"PropertyValueSpecification","valueRequired":true,"valueName":"search_term_string"}}],"inLanguage":"en-GB"},{"@type":"Organization","@id":"https:\/\/www.giulia-larigaldie.com\/#organization","name":"Giulia Larigaldie","url":"https:\/\/www.giulia-larigaldie.com\/","logo":{"@type":"ImageObject","inLanguage":"en-GB","@id":"https:\/\/www.giulia-larigaldie.com\/#\/schema\/logo\/image\/","url":"https:\/\/www.giulia-larigaldie.com\/wp-content\/uploads\/2020\/01\/cropped-logo-tres-petit-1.png","contentUrl":"https:\/\/www.giulia-larigaldie.com\/wp-content\/uploads\/2020\/01\/cropped-logo-tres-petit-1.png","width":485,"height":216,"caption":"Giulia Larigaldie"},"image":{"@id":"https:\/\/www.giulia-larigaldie.com\/#\/schema\/logo\/image\/"}}]}},"uagb_featured_image_src":{"full":false,"thumbnail":false,"medium":false,"medium_large":false,"large":false,"1536x1536":false,"2048x2048":false,"bard-slider-grid-thumbnail":false,"bard-full-thumbnail":false,"bard-grid-thumbnail":false,"bard-list-thumbnail":false,"bard-single-navigation":false},"uagb_author_info":{"display_name":"Giulia Larigaldie","author_link":"https:\/\/www.giulia-larigaldie.com\/en\/author\/giulia\/"},"uagb_comment_info":0,"uagb_excerpt":"Enfance Je suis n\u00e9e en France au bord du lac L\u00e9man. J\u2019ai grandi dans une r\u00e9gion o\u00f9 lacs et montagnes rivalisent de beaut\u00e9 et se r\u00e9inventent chaque jour au gr\u00e9 des lumi\u00e8res et des cieux changeants. Mon dipl\u00f4me d\u2019\u00c9cole de Commerce en poche, j&#8217;ai d\u00e9j\u00e0 le go\u00fbt des voyages. J&#8217;ai travaill\u00e9 pendant quinze ans dans&hellip;","acf":[],"_links":{"self":[{"href":"https:\/\/www.giulia-larigaldie.com\/en\/wp-json\/wp\/v2\/pages\/1286","targetHints":{"allow":["GET"]}}],"collection":[{"href":"https:\/\/www.giulia-larigaldie.com\/en\/wp-json\/wp\/v2\/pages"}],"about":[{"href":"https:\/\/www.giulia-larigaldie.com\/en\/wp-json\/wp\/v2\/types\/page"}],"author":[{"embeddable":true,"href":"https:\/\/www.giulia-larigaldie.com\/en\/wp-json\/wp\/v2\/users\/2"}],"replies":[{"embeddable":true,"href":"https:\/\/www.giulia-larigaldie.com\/en\/wp-json\/wp\/v2\/comments?post=1286"}],"version-history":[{"count":53,"href":"https:\/\/www.giulia-larigaldie.com\/en\/wp-json\/wp\/v2\/pages\/1286\/revisions"}],"predecessor-version":[{"id":3128,"href":"https:\/\/www.giulia-larigaldie.com\/en\/wp-json\/wp\/v2\/pages\/1286\/revisions\/3128"}],"wp:attachment":[{"href":"https:\/\/www.giulia-larigaldie.com\/en\/wp-json\/wp\/v2\/media?parent=1286"}],"curies":[{"name":"wp","href":"https:\/\/api.w.org\/{rel}","templated":true}]}}