{"id":1390,"date":"2020-01-30T18:33:30","date_gmt":"2020-01-30T17:33:30","guid":{"rendered":"https:\/\/www.giulia-larigaldie.com\/?page_id=1390"},"modified":"2020-02-20T22:35:47","modified_gmt":"2020-02-20T21:35:47","slug":"redactionnel","status":"publish","type":"page","link":"https:\/\/www.giulia-larigaldie.com\/en\/services\/redactionnel\/","title":{"rendered":"R\u00c9DACTIONNEL"},"content":{"rendered":"\n<div class=\"wp-block-cover has-background-dim-40 has-background-dim\" style=\"background-image:url(https:\/\/www.giulia-larigaldie.com\/wp-content\/uploads\/2019\/10\/Inspiration-1-e1579528649878.jpg);background-position:76.31578947368422% 57.647058823529406%;min-height:130px;aspect-ratio:unset;\"><div class=\"wp-block-cover__inner-container is-layout-flow wp-block-cover-is-layout-flow\">\n<div style=\"height:70px\" aria-hidden=\"true\" class=\"wp-block-spacer\"><\/div>\n\n\n\n<p class=\"has-medium-font-size\">Vous \u00eates un cr\u00e9ateur de sites internet, une PME, une institution publique ou priv\u00e9e&#8230; <\/p>\n\n\n\n<p class=\"has-medium-font-size\">Vous \u00e9ditez un magazine sp\u00e9cialis\u00e9 en voyages, tourisme, gastronomie&#8230;<\/p>\n\n\n\n<div style=\"height:50px\" aria-hidden=\"true\" class=\"wp-block-spacer\"><\/div>\n\n\n\n<p class=\"has-medium-font-size\">Il vous faut un r\u00e9dacteur r\u00e9actif, professionnel, fiable, qui s&#8217;adapte \u00e0 vos besoins et vous fournisse un travail de qualit\u00e9 (article, interview, r\u00e9daction de contenu, reportage) ?<\/p>\n\n\n\n<div style=\"height:100px\" aria-hidden=\"true\" class=\"wp-block-spacer\"><\/div>\n\n\n\n<p class=\"has-medium-font-size\"><a href=\"https:\/\/www.giulia-larigaldie.com\/contact\/\"><strong>Briefez-moi sur votre besoin sp\u00e9cifique et je vous soumettrai un r\u00e9dactionnel sur-mesure.<\/strong><\/a><\/p>\n\n\n\n<div style=\"height:50px\" aria-hidden=\"true\" class=\"wp-block-spacer\"><\/div>\n<\/div><\/div>\n\n\n\n<div style=\"height:100px\" aria-hidden=\"true\" class=\"wp-block-spacer\"><\/div>\n\n\n\n<div style=\"height:100px\" aria-hidden=\"true\" class=\"wp-block-spacer\"><\/div>\n","protected":false},"excerpt":{"rendered":"","protected":false},"author":2,"featured_media":0,"parent":1296,"menu_order":0,"comment_status":"closed","ping_status":"closed","template":"","meta":{"_uag_custom_page_level_css":"","footnotes":""},"class_list":["post-1390","page","type-page","status-publish","hentry"],"yoast_head":"<!-- This site is optimized with the Yoast SEO plugin v25.7 - https:\/\/yoast.com\/wordpress\/plugins\/seo\/ -->\n<title>R\u00c9DACTIONNEL<\/title>\n<meta name=\"description\" content=\"\u00c9crivaine &amp; Photographe | R\u00e9dactionnel sur-mesure pour PME, cr\u00e9ateur de site web, institution publique ou priv\u00e9e, magazine culinaire, voyage, nature\" \/>\n<meta name=\"robots\" content=\"index, follow, max-snippet:-1, max-image-preview:large, max-video-preview:-1\" \/>\n<link rel=\"canonical\" href=\"https:\/\/www.giulia-larigaldie.com\/en\/services\/redactionnel\/\" \/>\n<meta property=\"og:locale\" content=\"en_GB\" \/>\n<meta property=\"og:locale:alternate\" content=\"fr_FR\" \/>\n<meta property=\"og:locale:alternate\" content=\"de_DE\" \/>\n<meta property=\"og:type\" content=\"article\" \/>\n<meta property=\"og:title\" content=\"R\u00c9DACTIONNEL\" \/>\n<meta property=\"og:description\" content=\"\u00c9crivaine &amp; Photographe | R\u00e9dactionnel sur-mesure pour PME, cr\u00e9ateur de site web, institution publique ou priv\u00e9e, magazine culinaire, voyage, nature\" \/>\n<meta property=\"og:url\" content=\"https:\/\/www.giulia-larigaldie.com\/en\/services\/redactionnel\/\" \/>\n<meta property=\"og:site_name\" content=\"Giulia Larigaldie\" \/>\n<meta property=\"article:modified_time\" content=\"2020-02-20T21:35:47+00:00\" \/>\n<meta name=\"twitter:card\" content=\"summary_large_image\" \/>\n<script type=\"application\/ld+json\" class=\"yoast-schema-graph\">{\"@context\":\"https:\/\/schema.org\",\"@graph\":[{\"@type\":\"WebPage\",\"@id\":\"https:\/\/www.giulia-larigaldie.com\/services\/redactionnel\/\",\"url\":\"https:\/\/www.giulia-larigaldie.com\/services\/redactionnel\/\",\"name\":\"R\u00c9DACTIONNEL\",\"isPartOf\":{\"@id\":\"https:\/\/www.giulia-larigaldie.com\/#website\"},\"datePublished\":\"2020-01-30T17:33:30+00:00\",\"dateModified\":\"2020-02-20T21:35:47+00:00\",\"description\":\"\u00c9crivaine & Photographe | R\u00e9dactionnel sur-mesure pour PME, cr\u00e9ateur de site web, institution publique ou priv\u00e9e, magazine culinaire, voyage, nature\",\"breadcrumb\":{\"@id\":\"https:\/\/www.giulia-larigaldie.com\/services\/redactionnel\/#breadcrumb\"},\"inLanguage\":\"en-GB\",\"potentialAction\":[{\"@type\":\"ReadAction\",\"target\":[\"https:\/\/www.giulia-larigaldie.com\/services\/redactionnel\/\"]}]},{\"@type\":\"BreadcrumbList\",\"@id\":\"https:\/\/www.giulia-larigaldie.com\/services\/redactionnel\/#breadcrumb\",\"itemListElement\":[{\"@type\":\"ListItem\",\"position\":1,\"name\":\"Accueil\",\"item\":\"https:\/\/www.giulia-larigaldie.com\/\"},{\"@type\":\"ListItem\",\"position\":2,\"name\":\"SERVICES\",\"item\":\"https:\/\/www.giulia-larigaldie.com\/services\/\"},{\"@type\":\"ListItem\",\"position\":3,\"name\":\"R\u00c9DACTIONNEL\"}]},{\"@type\":\"WebSite\",\"@id\":\"https:\/\/www.giulia-larigaldie.com\/#website\",\"url\":\"https:\/\/www.giulia-larigaldie.com\/\",\"name\":\"Giulia Larigaldie\",\"description\":\"\u00c9criture & photographie\",\"publisher\":{\"@id\":\"https:\/\/www.giulia-larigaldie.com\/#organization\"},\"potentialAction\":[{\"@type\":\"SearchAction\",\"target\":{\"@type\":\"EntryPoint\",\"urlTemplate\":\"https:\/\/www.giulia-larigaldie.com\/?s={search_term_string}\"},\"query-input\":{\"@type\":\"PropertyValueSpecification\",\"valueRequired\":true,\"valueName\":\"search_term_string\"}}],\"inLanguage\":\"en-GB\"},{\"@type\":\"Organization\",\"@id\":\"https:\/\/www.giulia-larigaldie.com\/#organization\",\"name\":\"Giulia Larigaldie\",\"url\":\"https:\/\/www.giulia-larigaldie.com\/\",\"logo\":{\"@type\":\"ImageObject\",\"inLanguage\":\"en-GB\",\"@id\":\"https:\/\/www.giulia-larigaldie.com\/#\/schema\/logo\/image\/\",\"url\":\"https:\/\/www.giulia-larigaldie.com\/wp-content\/uploads\/2020\/01\/cropped-logo-tres-petit-1.png\",\"contentUrl\":\"https:\/\/www.giulia-larigaldie.com\/wp-content\/uploads\/2020\/01\/cropped-logo-tres-petit-1.png\",\"width\":485,\"height\":216,\"caption\":\"Giulia Larigaldie\"},\"image\":{\"@id\":\"https:\/\/www.giulia-larigaldie.com\/#\/schema\/logo\/image\/\"}}]}<\/script>\n<!-- \/ Yoast SEO plugin. -->","yoast_head_json":{"title":"R\u00c9DACTIONNEL","description":"\u00c9crivaine & Photographe | R\u00e9dactionnel sur-mesure pour PME, cr\u00e9ateur de site web, institution publique ou priv\u00e9e, magazine culinaire, voyage, nature","robots":{"index":"index","follow":"follow","max-snippet":"max-snippet:-1","max-image-preview":"max-image-preview:large","max-video-preview":"max-video-preview:-1"},"canonical":"https:\/\/www.giulia-larigaldie.com\/en\/services\/redactionnel\/","og_locale":"en_GB","og_type":"article","og_title":"[:fr]R\u00c9DACTIONNEL[:] - Giulia Larigaldie - \u00c9criture & Photographie","og_description":"\u00c9crivaine & Photographe | R\u00e9dactionnel sur-mesure pour PME, cr\u00e9ateur de site web, institution publique ou priv\u00e9e, magazine culinaire, voyage, nature","og_url":"https:\/\/www.giulia-larigaldie.com\/en\/services\/redactionnel\/","og_site_name":"Giulia Larigaldie","article_modified_time":"2020-02-20T21:35:47+00:00","twitter_card":"summary_large_image","schema":{"@context":"https:\/\/schema.org","@graph":[{"@type":"WebPage","@id":"https:\/\/www.giulia-larigaldie.com\/services\/redactionnel\/","url":"https:\/\/www.giulia-larigaldie.com\/services\/redactionnel\/","name":"R\u00c9DACTIONNEL","isPartOf":{"@id":"https:\/\/www.giulia-larigaldie.com\/#website"},"datePublished":"2020-01-30T17:33:30+00:00","dateModified":"2020-02-20T21:35:47+00:00","description":"\u00c9crivaine & Photographe | R\u00e9dactionnel sur-mesure pour PME, cr\u00e9ateur de site web, institution publique ou priv\u00e9e, magazine culinaire, voyage, nature","breadcrumb":{"@id":"https:\/\/www.giulia-larigaldie.com\/services\/redactionnel\/#breadcrumb"},"inLanguage":"en-GB","potentialAction":[{"@type":"ReadAction","target":["https:\/\/www.giulia-larigaldie.com\/services\/redactionnel\/"]}]},{"@type":"BreadcrumbList","@id":"https:\/\/www.giulia-larigaldie.com\/services\/redactionnel\/#breadcrumb","itemListElement":[{"@type":"ListItem","position":1,"name":"Accueil","item":"https:\/\/www.giulia-larigaldie.com\/"},{"@type":"ListItem","position":2,"name":"SERVICES","item":"https:\/\/www.giulia-larigaldie.com\/services\/"},{"@type":"ListItem","position":3,"name":"R\u00c9DACTIONNEL"}]},{"@type":"WebSite","@id":"https:\/\/www.giulia-larigaldie.com\/#website","url":"https:\/\/www.giulia-larigaldie.com\/","name":"Giulia Larigaldie","description":"\u00c9criture & photographie","publisher":{"@id":"https:\/\/www.giulia-larigaldie.com\/#organization"},"potentialAction":[{"@type":"SearchAction","target":{"@type":"EntryPoint","urlTemplate":"https:\/\/www.giulia-larigaldie.com\/?s={search_term_string}"},"query-input":{"@type":"PropertyValueSpecification","valueRequired":true,"valueName":"search_term_string"}}],"inLanguage":"en-GB"},{"@type":"Organization","@id":"https:\/\/www.giulia-larigaldie.com\/#organization","name":"Giulia Larigaldie","url":"https:\/\/www.giulia-larigaldie.com\/","logo":{"@type":"ImageObject","inLanguage":"en-GB","@id":"https:\/\/www.giulia-larigaldie.com\/#\/schema\/logo\/image\/","url":"https:\/\/www.giulia-larigaldie.com\/wp-content\/uploads\/2020\/01\/cropped-logo-tres-petit-1.png","contentUrl":"https:\/\/www.giulia-larigaldie.com\/wp-content\/uploads\/2020\/01\/cropped-logo-tres-petit-1.png","width":485,"height":216,"caption":"Giulia Larigaldie"},"image":{"@id":"https:\/\/www.giulia-larigaldie.com\/#\/schema\/logo\/image\/"}}]}},"uagb_featured_image_src":{"full":false,"thumbnail":false,"medium":false,"medium_large":false,"large":false,"1536x1536":false,"2048x2048":false,"bard-slider-grid-thumbnail":false,"bard-full-thumbnail":false,"bard-grid-thumbnail":false,"bard-list-thumbnail":false,"bard-single-navigation":false},"uagb_author_info":{"display_name":"Giulia Larigaldie","author_link":"https:\/\/www.giulia-larigaldie.com\/en\/author\/giulia\/"},"uagb_comment_info":0,"uagb_excerpt":null,"acf":[],"_links":{"self":[{"href":"https:\/\/www.giulia-larigaldie.com\/en\/wp-json\/wp\/v2\/pages\/1390","targetHints":{"allow":["GET"]}}],"collection":[{"href":"https:\/\/www.giulia-larigaldie.com\/en\/wp-json\/wp\/v2\/pages"}],"about":[{"href":"https:\/\/www.giulia-larigaldie.com\/en\/wp-json\/wp\/v2\/types\/page"}],"author":[{"embeddable":true,"href":"https:\/\/www.giulia-larigaldie.com\/en\/wp-json\/wp\/v2\/users\/2"}],"replies":[{"embeddable":true,"href":"https:\/\/www.giulia-larigaldie.com\/en\/wp-json\/wp\/v2\/comments?post=1390"}],"version-history":[{"count":30,"href":"https:\/\/www.giulia-larigaldie.com\/en\/wp-json\/wp\/v2\/pages\/1390\/revisions"}],"predecessor-version":[{"id":1793,"href":"https:\/\/www.giulia-larigaldie.com\/en\/wp-json\/wp\/v2\/pages\/1390\/revisions\/1793"}],"up":[{"embeddable":true,"href":"https:\/\/www.giulia-larigaldie.com\/en\/wp-json\/wp\/v2\/pages\/1296"}],"wp:attachment":[{"href":"https:\/\/www.giulia-larigaldie.com\/en\/wp-json\/wp\/v2\/media?parent=1390"}],"curies":[{"name":"wp","href":"https:\/\/api.w.org\/{rel}","templated":true}]}}