{"id":1403,"date":"2020-01-30T21:02:50","date_gmt":"2020-01-30T20:02:50","guid":{"rendered":"https:\/\/www.giulia-larigaldie.com\/?page_id=1403"},"modified":"2025-08-19T13:00:46","modified_gmt":"2025-08-19T11:00:46","slug":"biographie","status":"publish","type":"page","link":"https:\/\/www.giulia-larigaldie.com\/en\/services\/biographie\/","title":{"rendered":"BIOGRAPHIE"},"content":{"rendered":"\n<div class=\"wp-block-cover has-background-dim\" style=\"background-image:url(https:\/\/www.giulia-larigaldie.com\/wp-content\/uploads\/2020\/01\/DSC_7698.jpg);background-position:48.24561403508772% 45.294117647058826%\"><div class=\"wp-block-cover__inner-container is-layout-flow wp-block-cover-is-layout-flow\">\n<div style=\"height:50px\" aria-hidden=\"true\" class=\"wp-block-spacer\"><\/div>\n\n\n\n<p class=\"has-text-align-left has-medium-font-size\">Vous \u00eates un particulier et voulez partager avec vos descendants l\u2019histoire de votre famille ? <\/p>\n\n\n\n<p class=\"has-text-align-left has-medium-font-size\">Vous \u00eates une entreprise qui s\u2019appr\u00eate \u00e0 c\u00e9l\u00e9brer un anniversaire important : date de cr\u00e9ation de l&#8217;entreprise, anniversaire du fondateur ? <\/p>\n\n\n\n<p class=\"has-text-align-left has-medium-font-size\">Il est tellement important de pouvoir transmettre l&#8217;essence d&#8217;une personne, d&#8217;une vie, d&#8217;une trajectoire, d&#8217;une histoire avant que la trace ne s\u2019efface\u2026 <\/p>\n\n\n\n<div style=\"height:100px\" aria-hidden=\"true\" class=\"wp-block-spacer\"><\/div>\n\n\n\n<p class=\"has-text-align-left has-medium-font-size\"><strong><a rel=\"noreferrer noopener\" aria-label=\"Contactez-moi ! (s\u2019ouvre dans un nouvel onglet)\" href=\"https:\/\/www.giulia-larigaldie.com\/contact\/\" target=\"_blank\">Contactez-moi pour que nous parlions et voyions ensemble comment je peux vous aider \u00e0 r\u00e9aliser votre projet.<\/a><\/strong><\/p>\n\n\n\n<div style=\"height:50px\" aria-hidden=\"true\" class=\"wp-block-spacer\"><\/div>\n<\/div><\/div>\n","protected":false},"excerpt":{"rendered":"","protected":false},"author":2,"featured_media":0,"parent":1296,"menu_order":0,"comment_status":"closed","ping_status":"closed","template":"","meta":{"_uag_custom_page_level_css":"","footnotes":""},"class_list":["post-1403","page","type-page","status-publish","hentry"],"yoast_head":"<!-- This site is optimized with the Yoast SEO plugin v25.7 - https:\/\/yoast.com\/wordpress\/plugins\/seo\/ -->\n<title>BIOGRAPHIE<\/title>\n<meta name=\"description\" content=\"Partager avec vos descendants l\u2019histoire de votre famille | Entreprise \u00e0 la veille d&#039;un anniversaire important | Transmettre une histoire | Multimedia\" \/>\n<meta name=\"robots\" content=\"index, follow, max-snippet:-1, max-image-preview:large, max-video-preview:-1\" \/>\n<link rel=\"canonical\" href=\"https:\/\/www.giulia-larigaldie.com\/en\/services\/biographie\/\" \/>\n<meta property=\"og:locale\" content=\"en_GB\" \/>\n<meta property=\"og:locale:alternate\" content=\"fr_FR\" \/>\n<meta property=\"og:locale:alternate\" content=\"de_DE\" \/>\n<meta property=\"og:type\" content=\"article\" \/>\n<meta property=\"og:title\" content=\"BIOGRAPHIE\" \/>\n<meta property=\"og:description\" content=\"Partager avec vos descendants l\u2019histoire de votre famille | Entreprise \u00e0 la veille d&#039;un anniversaire important | Transmettre une histoire | Multimedia\" \/>\n<meta property=\"og:url\" content=\"https:\/\/www.giulia-larigaldie.com\/en\/services\/biographie\/\" \/>\n<meta property=\"og:site_name\" content=\"Giulia Larigaldie\" \/>\n<meta property=\"article:modified_time\" content=\"2025-08-19T11:00:46+00:00\" \/>\n<meta name=\"twitter:card\" content=\"summary_large_image\" \/>\n<meta name=\"twitter:label1\" content=\"Estimated reading time\" \/>\n\t<meta name=\"twitter:data1\" content=\"1 minute\" \/>\n<script type=\"application\/ld+json\" class=\"yoast-schema-graph\">{\"@context\":\"https:\/\/schema.org\",\"@graph\":[{\"@type\":\"WebPage\",\"@id\":\"https:\/\/www.giulia-larigaldie.com\/services\/biographie\/\",\"url\":\"https:\/\/www.giulia-larigaldie.com\/services\/biographie\/\",\"name\":\"BIOGRAPHIE\",\"isPartOf\":{\"@id\":\"https:\/\/www.giulia-larigaldie.com\/#website\"},\"datePublished\":\"2020-01-30T20:02:50+00:00\",\"dateModified\":\"2025-08-19T11:00:46+00:00\",\"description\":\"Partager avec vos descendants l\u2019histoire de votre famille | Entreprise \u00e0 la veille d'un anniversaire important | Transmettre une histoire | Multimedia\",\"breadcrumb\":{\"@id\":\"https:\/\/www.giulia-larigaldie.com\/services\/biographie\/#breadcrumb\"},\"inLanguage\":\"en-GB\",\"potentialAction\":[{\"@type\":\"ReadAction\",\"target\":[\"https:\/\/www.giulia-larigaldie.com\/services\/biographie\/\"]}]},{\"@type\":\"BreadcrumbList\",\"@id\":\"https:\/\/www.giulia-larigaldie.com\/services\/biographie\/#breadcrumb\",\"itemListElement\":[{\"@type\":\"ListItem\",\"position\":1,\"name\":\"Accueil\",\"item\":\"https:\/\/www.giulia-larigaldie.com\/\"},{\"@type\":\"ListItem\",\"position\":2,\"name\":\"SERVICES\",\"item\":\"https:\/\/www.giulia-larigaldie.com\/services\/\"},{\"@type\":\"ListItem\",\"position\":3,\"name\":\"BIOGRAPHIE\"}]},{\"@type\":\"WebSite\",\"@id\":\"https:\/\/www.giulia-larigaldie.com\/#website\",\"url\":\"https:\/\/www.giulia-larigaldie.com\/\",\"name\":\"Giulia Larigaldie\",\"description\":\"\u00c9criture & photographie\",\"publisher\":{\"@id\":\"https:\/\/www.giulia-larigaldie.com\/#organization\"},\"potentialAction\":[{\"@type\":\"SearchAction\",\"target\":{\"@type\":\"EntryPoint\",\"urlTemplate\":\"https:\/\/www.giulia-larigaldie.com\/?s={search_term_string}\"},\"query-input\":{\"@type\":\"PropertyValueSpecification\",\"valueRequired\":true,\"valueName\":\"search_term_string\"}}],\"inLanguage\":\"en-GB\"},{\"@type\":\"Organization\",\"@id\":\"https:\/\/www.giulia-larigaldie.com\/#organization\",\"name\":\"Giulia Larigaldie\",\"url\":\"https:\/\/www.giulia-larigaldie.com\/\",\"logo\":{\"@type\":\"ImageObject\",\"inLanguage\":\"en-GB\",\"@id\":\"https:\/\/www.giulia-larigaldie.com\/#\/schema\/logo\/image\/\",\"url\":\"https:\/\/www.giulia-larigaldie.com\/wp-content\/uploads\/2020\/01\/cropped-logo-tres-petit-1.png\",\"contentUrl\":\"https:\/\/www.giulia-larigaldie.com\/wp-content\/uploads\/2020\/01\/cropped-logo-tres-petit-1.png\",\"width\":485,\"height\":216,\"caption\":\"Giulia Larigaldie\"},\"image\":{\"@id\":\"https:\/\/www.giulia-larigaldie.com\/#\/schema\/logo\/image\/\"}}]}<\/script>\n<!-- \/ Yoast SEO plugin. -->","yoast_head_json":{"title":"BIOGRAPHIE","description":"Partager avec vos descendants l\u2019histoire de votre famille | Entreprise \u00e0 la veille d'un anniversaire important | Transmettre une histoire | Multimedia","robots":{"index":"index","follow":"follow","max-snippet":"max-snippet:-1","max-image-preview":"max-image-preview:large","max-video-preview":"max-video-preview:-1"},"canonical":"https:\/\/www.giulia-larigaldie.com\/en\/services\/biographie\/","og_locale":"en_GB","og_type":"article","og_title":"[:fr][:fr]BIOGRAPHIE[:] - Giulia Larigaldie - \u00c9crivaine[:]","og_description":"[:fr]Partager avec vos descendants l\u2019histoire de votre famille | Entreprise \u00e0 la veille d'un anniversaire important | Transmettre une histoire | Multimedia[:]","og_url":"https:\/\/www.giulia-larigaldie.com\/en\/services\/biographie\/","og_site_name":"Giulia Larigaldie","article_modified_time":"2025-08-19T11:00:46+00:00","twitter_card":"summary_large_image","twitter_misc":{"Estimated reading time":"1 minute"},"schema":{"@context":"https:\/\/schema.org","@graph":[{"@type":"WebPage","@id":"https:\/\/www.giulia-larigaldie.com\/services\/biographie\/","url":"https:\/\/www.giulia-larigaldie.com\/services\/biographie\/","name":"BIOGRAPHIE","isPartOf":{"@id":"https:\/\/www.giulia-larigaldie.com\/#website"},"datePublished":"2020-01-30T20:02:50+00:00","dateModified":"2025-08-19T11:00:46+00:00","description":"Partager avec vos descendants l\u2019histoire de votre famille | Entreprise \u00e0 la veille d'un anniversaire important | Transmettre une histoire | Multimedia","breadcrumb":{"@id":"https:\/\/www.giulia-larigaldie.com\/services\/biographie\/#breadcrumb"},"inLanguage":"en-GB","potentialAction":[{"@type":"ReadAction","target":["https:\/\/www.giulia-larigaldie.com\/services\/biographie\/"]}]},{"@type":"BreadcrumbList","@id":"https:\/\/www.giulia-larigaldie.com\/services\/biographie\/#breadcrumb","itemListElement":[{"@type":"ListItem","position":1,"name":"Accueil","item":"https:\/\/www.giulia-larigaldie.com\/"},{"@type":"ListItem","position":2,"name":"SERVICES","item":"https:\/\/www.giulia-larigaldie.com\/services\/"},{"@type":"ListItem","position":3,"name":"BIOGRAPHIE"}]},{"@type":"WebSite","@id":"https:\/\/www.giulia-larigaldie.com\/#website","url":"https:\/\/www.giulia-larigaldie.com\/","name":"Giulia Larigaldie","description":"\u00c9criture & photographie","publisher":{"@id":"https:\/\/www.giulia-larigaldie.com\/#organization"},"potentialAction":[{"@type":"SearchAction","target":{"@type":"EntryPoint","urlTemplate":"https:\/\/www.giulia-larigaldie.com\/?s={search_term_string}"},"query-input":{"@type":"PropertyValueSpecification","valueRequired":true,"valueName":"search_term_string"}}],"inLanguage":"en-GB"},{"@type":"Organization","@id":"https:\/\/www.giulia-larigaldie.com\/#organization","name":"Giulia Larigaldie","url":"https:\/\/www.giulia-larigaldie.com\/","logo":{"@type":"ImageObject","inLanguage":"en-GB","@id":"https:\/\/www.giulia-larigaldie.com\/#\/schema\/logo\/image\/","url":"https:\/\/www.giulia-larigaldie.com\/wp-content\/uploads\/2020\/01\/cropped-logo-tres-petit-1.png","contentUrl":"https:\/\/www.giulia-larigaldie.com\/wp-content\/uploads\/2020\/01\/cropped-logo-tres-petit-1.png","width":485,"height":216,"caption":"Giulia Larigaldie"},"image":{"@id":"https:\/\/www.giulia-larigaldie.com\/#\/schema\/logo\/image\/"}}]}},"uagb_featured_image_src":{"full":false,"thumbnail":false,"medium":false,"medium_large":false,"large":false,"1536x1536":false,"2048x2048":false,"bard-slider-grid-thumbnail":false,"bard-full-thumbnail":false,"bard-grid-thumbnail":false,"bard-list-thumbnail":false,"bard-single-navigation":false},"uagb_author_info":{"display_name":"Giulia Larigaldie","author_link":"https:\/\/www.giulia-larigaldie.com\/en\/author\/giulia\/"},"uagb_comment_info":0,"uagb_excerpt":null,"acf":[],"_links":{"self":[{"href":"https:\/\/www.giulia-larigaldie.com\/en\/wp-json\/wp\/v2\/pages\/1403","targetHints":{"allow":["GET"]}}],"collection":[{"href":"https:\/\/www.giulia-larigaldie.com\/en\/wp-json\/wp\/v2\/pages"}],"about":[{"href":"https:\/\/www.giulia-larigaldie.com\/en\/wp-json\/wp\/v2\/types\/page"}],"author":[{"embeddable":true,"href":"https:\/\/www.giulia-larigaldie.com\/en\/wp-json\/wp\/v2\/users\/2"}],"replies":[{"embeddable":true,"href":"https:\/\/www.giulia-larigaldie.com\/en\/wp-json\/wp\/v2\/comments?post=1403"}],"version-history":[{"count":26,"href":"https:\/\/www.giulia-larigaldie.com\/en\/wp-json\/wp\/v2\/pages\/1403\/revisions"}],"predecessor-version":[{"id":3136,"href":"https:\/\/www.giulia-larigaldie.com\/en\/wp-json\/wp\/v2\/pages\/1403\/revisions\/3136"}],"up":[{"embeddable":true,"href":"https:\/\/www.giulia-larigaldie.com\/en\/wp-json\/wp\/v2\/pages\/1296"}],"wp:attachment":[{"href":"https:\/\/www.giulia-larigaldie.com\/en\/wp-json\/wp\/v2\/media?parent=1403"}],"curies":[{"name":"wp","href":"https:\/\/api.w.org\/{rel}","templated":true}]}}